{"id":19501,"date":"2026-05-11T18:22:33","date_gmt":"2026-05-11T15:22:33","guid":{"rendered":"https:\/\/ursus.ee\/toode\/tolmuhari-premium\/"},"modified":"2026-05-14T10:50:05","modified_gmt":"2026-05-14T07:50:05","slug":"tolmuhari-premium","status":"publish","type":"product","link":"https:\/\/ursus.ee\/en\/toode\/tolmuhari-premium\/","title":{"rendered":"Tolmuhari Premium"},"content":{"rendered":"<p>S\u00fcnteetiliste kiududega 40cm tolmuhari kogub tolmu ja hoiab seda endas. Tolmuharjaga saab tolmu k\u00e4tte ka k\u00f5ige raskemini ligip\u00e4\u00e4setavamatest kohtadest, n\u00e4iteks ribakardinatelt. Samuti sobib tolmu v\u00f5tmiseks peeglilt, ekraanidelt, m\u00f6\u00f6blilt. Sellel on ergonoomiline k\u00e4epide mugavaks k\u00e4es hoidmiseks.<\/p>\n","protected":false},"excerpt":{"rendered":"<p>S\u00fcnteetiliste kiududega 40cm tolmuhari kogub tolmu ja hoiab seda endas. Tolmuharjaga saab tolmu k\u00e4tte ka k\u00f5ige raskemini ligip\u00e4\u00e4setavamatest kohtadest, n\u00e4iteks ribakardinatelt. Samuti sobib tolmu v\u00f5tmiseks peeglilt, ekraanidelt, m\u00f6\u00f6blilt. Sellel on ergonoomiline k\u00e4epide mugavaks k\u00e4es hoidmiseks.<\/p>\n","protected":false},"featured_media":19502,"comment_status":"closed","ping_status":"closed","template":"","meta":{"_acf_changed":false},"product_brand":[893],"product_cat":[409,484],"product_tag":[],"class_list":{"0":"post-19501","1":"product","2":"type-product","3":"status-publish","4":"has-post-thumbnail","6":"product_brand-spontex","7":"product_cat-koristustarvikud","8":"product_cat-tolmuharjad","9":"pa_paritolumaa-hiina","10":"pa_uhik-tk","12":"first","13":"instock","14":"purchasable","15":"product-type-simple"},"acf":[],"_links":{"self":[{"href":"https:\/\/ursus.ee\/en\/wp-json\/wp\/v2\/product\/19501","targetHints":{"allow":["GET"]}}],"collection":[{"href":"https:\/\/ursus.ee\/en\/wp-json\/wp\/v2\/product"}],"about":[{"href":"https:\/\/ursus.ee\/en\/wp-json\/wp\/v2\/types\/product"}],"replies":[{"embeddable":true,"href":"https:\/\/ursus.ee\/en\/wp-json\/wp\/v2\/comments?post=19501"}],"wp:featuredmedia":[{"embeddable":true,"href":"https:\/\/ursus.ee\/en\/wp-json\/wp\/v2\/media\/19502"}],"wp:attachment":[{"href":"https:\/\/ursus.ee\/en\/wp-json\/wp\/v2\/media?parent=19501"}],"wp:term":[{"taxonomy":"product_brand","embeddable":true,"href":"https:\/\/ursus.ee\/en\/wp-json\/wp\/v2\/product_brand?post=19501"},{"taxonomy":"product_cat","embeddable":true,"href":"https:\/\/ursus.ee\/en\/wp-json\/wp\/v2\/product_cat?post=19501"},{"taxonomy":"product_tag","embeddable":true,"href":"https:\/\/ursus.ee\/en\/wp-json\/wp\/v2\/product_tag?post=19501"}],"curies":[{"name":"wp","href":"https:\/\/api.w.org\/{rel}","templated":true}]}}