{"id":19491,"date":"2026-05-11T18:17:38","date_gmt":"2026-05-11T15:17:38","guid":{"rendered":"https:\/\/ursus.ee\/toode\/pesunoor-nailon-kattega-20m\/"},"modified":"2026-05-14T10:50:03","modified_gmt":"2026-05-14T07:50:03","slug":"pesunoor-nailon-kattega-20m","status":"publish","type":"product","link":"https:\/\/ursus.ee\/en\/toode\/pesunoor-nailon-kattega-20m\/","title":{"rendered":"Pesun\u00f6\u00f6r nailon kattega 20m"},"content":{"rendered":"<p>Tugev ja vastupidav nailonkattega pesun\u00f6\u00f6r. Pesun\u00f6\u00f6ri pikkus 20 meetrit.<\/p>\n","protected":false},"excerpt":{"rendered":"<p>Tugev ja vastupidav nailonkattega pesun\u00f6\u00f6r. Pesun\u00f6\u00f6ri pikkus 20 meetrit.<\/p>\n","protected":false},"featured_media":19492,"comment_status":"closed","ping_status":"open","template":"","meta":{"_acf_changed":false},"product_brand":[893],"product_cat":[162,163],"product_tag":[],"class_list":{"0":"post-19491","1":"product","2":"type-product","3":"status-publish","4":"has-post-thumbnail","6":"product_brand-spontex","7":"product_cat-pesuhooldus","8":"product_cat-pesutarvikud","9":"pa_paritolumaa-poola","10":"pa_uhik-m","12":"first","13":"instock","14":"purchasable","15":"product-type-simple"},"acf":[],"_links":{"self":[{"href":"https:\/\/ursus.ee\/en\/wp-json\/wp\/v2\/product\/19491","targetHints":{"allow":["GET"]}}],"collection":[{"href":"https:\/\/ursus.ee\/en\/wp-json\/wp\/v2\/product"}],"about":[{"href":"https:\/\/ursus.ee\/en\/wp-json\/wp\/v2\/types\/product"}],"replies":[{"embeddable":true,"href":"https:\/\/ursus.ee\/en\/wp-json\/wp\/v2\/comments?post=19491"}],"wp:featuredmedia":[{"embeddable":true,"href":"https:\/\/ursus.ee\/en\/wp-json\/wp\/v2\/media\/19492"}],"wp:attachment":[{"href":"https:\/\/ursus.ee\/en\/wp-json\/wp\/v2\/media?parent=19491"}],"wp:term":[{"taxonomy":"product_brand","embeddable":true,"href":"https:\/\/ursus.ee\/en\/wp-json\/wp\/v2\/product_brand?post=19491"},{"taxonomy":"product_cat","embeddable":true,"href":"https:\/\/ursus.ee\/en\/wp-json\/wp\/v2\/product_cat?post=19491"},{"taxonomy":"product_tag","embeddable":true,"href":"https:\/\/ursus.ee\/en\/wp-json\/wp\/v2\/product_tag?post=19491"}],"curies":[{"name":"wp","href":"https:\/\/api.w.org\/{rel}","templated":true}]}}