{"id":19486,"date":"2026-05-11T18:17:38","date_gmt":"2026-05-11T15:17:38","guid":{"rendered":"https:\/\/ursus.ee\/toode\/vahetusotsik-dishmop-3tk\/"},"modified":"2026-05-14T10:50:06","modified_gmt":"2026-05-14T07:50:06","slug":"vahetusotsik-dishmop-3tk","status":"publish","type":"product","link":"https:\/\/ursus.ee\/en\/toode\/vahetusotsik-dishmop-3tk\/","title":{"rendered":"Vahetusotsik Dishmop 3tk"},"content":{"rendered":"<p>Vahetusotsik Dishmopile, 3 tk. Ideaalne kiireks ja lihtsaks n\u00f5udepesemiseks. Rasvavastase tehnoloogiaga k\u00e4sn p\u00fcsib kauem puhas ja t\u00f5hus.<\/p>\n","protected":false},"excerpt":{"rendered":"<p>Vahetusotsik Dishmopile, 3 tk. Ideaalne kiireks ja lihtsaks n\u00f5udepesemiseks. Rasvavastase tehnoloogiaga k\u00e4sn p\u00fcsib kauem puhas ja t\u00f5hus.<\/p>\n","protected":false},"featured_media":19487,"comment_status":"closed","ping_status":"open","template":"","meta":{"_acf_changed":false},"product_brand":[893],"product_cat":[409,515],"product_tag":[],"class_list":{"0":"post-19486","1":"product","2":"type-product","3":"status-publish","4":"has-post-thumbnail","6":"product_brand-spontex","7":"product_cat-koristustarvikud","8":"product_cat-svammid-lapid-ja-kuurimisvahendid","9":"pa_paritolumaa-hispaania","10":"pa_uhik-tk","12":"first","13":"instock","14":"purchasable","15":"product-type-simple"},"acf":[],"_links":{"self":[{"href":"https:\/\/ursus.ee\/en\/wp-json\/wp\/v2\/product\/19486","targetHints":{"allow":["GET"]}}],"collection":[{"href":"https:\/\/ursus.ee\/en\/wp-json\/wp\/v2\/product"}],"about":[{"href":"https:\/\/ursus.ee\/en\/wp-json\/wp\/v2\/types\/product"}],"replies":[{"embeddable":true,"href":"https:\/\/ursus.ee\/en\/wp-json\/wp\/v2\/comments?post=19486"}],"wp:featuredmedia":[{"embeddable":true,"href":"https:\/\/ursus.ee\/en\/wp-json\/wp\/v2\/media\/19487"}],"wp:attachment":[{"href":"https:\/\/ursus.ee\/en\/wp-json\/wp\/v2\/media?parent=19486"}],"wp:term":[{"taxonomy":"product_brand","embeddable":true,"href":"https:\/\/ursus.ee\/en\/wp-json\/wp\/v2\/product_brand?post=19486"},{"taxonomy":"product_cat","embeddable":true,"href":"https:\/\/ursus.ee\/en\/wp-json\/wp\/v2\/product_cat?post=19486"},{"taxonomy":"product_tag","embeddable":true,"href":"https:\/\/ursus.ee\/en\/wp-json\/wp\/v2\/product_tag?post=19486"}],"curies":[{"name":"wp","href":"https:\/\/api.w.org\/{rel}","templated":true}]}}