{"id":19484,"date":"2026-05-11T18:17:38","date_gmt":"2026-05-11T15:17:38","guid":{"rendered":"https:\/\/ursus.ee\/toode\/kaepidemega-noudepesusvamm-dishmop\/"},"modified":"2026-05-14T10:49:55","modified_gmt":"2026-05-14T07:49:55","slug":"kaepidemega-noudepesusvamm-dishmop","status":"publish","type":"product","link":"https:\/\/ursus.ee\/en\/toode\/kaepidemega-noudepesusvamm-dishmop\/","title":{"rendered":"K\u00e4epidemega n\u00f5udepesusvamm Dishmop"},"content":{"rendered":"<p>Pesuvahendiga t\u00e4idetav k\u00e4epidemega n\u00f5udepesusvamm Dishmop, 1 tk.Ideaalne kiireks ja lihtsaks n\u00f5udepesemiseks. Pikk ja mugav k\u00e4epide. Rasvavastase tehnoloogiaga k\u00e4sn p\u00fcsib kauem puhas ja t\u00f5hus. Pange oma lemmik pesuvedelik Dishmopi ja see v\u00e4ljub k\u00e4sna kaudu.<\/p>\n","protected":false},"excerpt":{"rendered":"<p>Pesuvahendiga t\u00e4idetav k\u00e4epidemega n\u00f5udepesusvamm Dishmop, 1 tk.Ideaalne kiireks ja lihtsaks n\u00f5udepesemiseks. Pikk ja mugav k\u00e4epide. Rasvavastase tehnoloogiaga k\u00e4sn p\u00fcsib kauem puhas ja t\u00f5hus. Pange oma lemmik pesuvedelik Dishmopi ja see v\u00e4ljub k\u00e4sna kaudu.<\/p>\n","protected":false},"featured_media":19485,"comment_status":"closed","ping_status":"open","template":"","meta":{"_acf_changed":false},"product_brand":[893],"product_cat":[409,515],"product_tag":[],"class_list":{"0":"post-19484","1":"product","2":"type-product","3":"status-publish","4":"has-post-thumbnail","6":"product_brand-spontex","7":"product_cat-koristustarvikud","8":"product_cat-svammid-lapid-ja-kuurimisvahendid","9":"pa_paritolumaa-hispaania","10":"pa_uhik-tk","12":"first","13":"instock","14":"purchasable","15":"product-type-simple"},"acf":[],"_links":{"self":[{"href":"https:\/\/ursus.ee\/en\/wp-json\/wp\/v2\/product\/19484","targetHints":{"allow":["GET"]}}],"collection":[{"href":"https:\/\/ursus.ee\/en\/wp-json\/wp\/v2\/product"}],"about":[{"href":"https:\/\/ursus.ee\/en\/wp-json\/wp\/v2\/types\/product"}],"replies":[{"embeddable":true,"href":"https:\/\/ursus.ee\/en\/wp-json\/wp\/v2\/comments?post=19484"}],"wp:featuredmedia":[{"embeddable":true,"href":"https:\/\/ursus.ee\/en\/wp-json\/wp\/v2\/media\/19485"}],"wp:attachment":[{"href":"https:\/\/ursus.ee\/en\/wp-json\/wp\/v2\/media?parent=19484"}],"wp:term":[{"taxonomy":"product_brand","embeddable":true,"href":"https:\/\/ursus.ee\/en\/wp-json\/wp\/v2\/product_brand?post=19484"},{"taxonomy":"product_cat","embeddable":true,"href":"https:\/\/ursus.ee\/en\/wp-json\/wp\/v2\/product_cat?post=19484"},{"taxonomy":"product_tag","embeddable":true,"href":"https:\/\/ursus.ee\/en\/wp-json\/wp\/v2\/product_tag?post=19484"}],"curies":[{"name":"wp","href":"https:\/\/api.w.org\/{rel}","templated":true}]}}