{"id":19481,"date":"2026-05-11T18:17:38","date_gmt":"2026-05-11T15:17:38","guid":{"rendered":"https:\/\/ursus.ee\/toode\/mikrokiudlapp-loomadele\/"},"modified":"2026-05-14T10:50:01","modified_gmt":"2026-05-14T07:50:01","slug":"mikrokiudlapp-loomadele","status":"publish","type":"product","link":"https:\/\/ursus.ee\/en\/toode\/mikrokiudlapp-loomadele\/","title":{"rendered":"Mikrokiudlapp loomadele"},"content":{"rendered":"<p>Mikrokiudlapp koertele ja kassidele. Superimav ja kiiresti kuivav. Sobib suurep\u00e4raselt kasutamiseks peale lemmiklooma vannitamist, mudastele k\u00e4ppadele ja koonude puhastamiseks. 2 v\u00e4rvi: t\u00fcrkiissinine ja roosa, k\u00e4paj\u00e4lgedega. Suurus: 40 x 80 cm. Kiire ja t\u00f5hus puhastus.<\/p>\n","protected":false},"excerpt":{"rendered":"<p>Mikrokiudlapp koertele ja kassidele. Superimav ja kiiresti kuivav. Sobib suurep\u00e4raselt kasutamiseks peale lemmiklooma vannitamist, mudastele k\u00e4ppadele ja koonude puhastamiseks. 2 v\u00e4rvi: t\u00fcrkiissinine ja roosa, k\u00e4paj\u00e4lgedega. Suurus: 40 x 80 cm. Kiire ja t\u00f5hus puhastus.<\/p>\n","protected":false},"featured_media":19482,"comment_status":"closed","ping_status":"open","template":"","meta":{"_acf_changed":false},"product_brand":[893],"product_cat":[409,515],"product_tag":[],"class_list":{"0":"post-19481","1":"product","2":"type-product","3":"status-publish","4":"has-post-thumbnail","6":"product_brand-spontex","7":"product_cat-koristustarvikud","8":"product_cat-svammid-lapid-ja-kuurimisvahendid","9":"pa_paritolumaa-hiina","10":"pa_uhik-tk","12":"first","13":"instock","14":"purchasable","15":"product-type-simple"},"acf":[],"_links":{"self":[{"href":"https:\/\/ursus.ee\/en\/wp-json\/wp\/v2\/product\/19481","targetHints":{"allow":["GET"]}}],"collection":[{"href":"https:\/\/ursus.ee\/en\/wp-json\/wp\/v2\/product"}],"about":[{"href":"https:\/\/ursus.ee\/en\/wp-json\/wp\/v2\/types\/product"}],"replies":[{"embeddable":true,"href":"https:\/\/ursus.ee\/en\/wp-json\/wp\/v2\/comments?post=19481"}],"wp:featuredmedia":[{"embeddable":true,"href":"https:\/\/ursus.ee\/en\/wp-json\/wp\/v2\/media\/19482"}],"wp:attachment":[{"href":"https:\/\/ursus.ee\/en\/wp-json\/wp\/v2\/media?parent=19481"}],"wp:term":[{"taxonomy":"product_brand","embeddable":true,"href":"https:\/\/ursus.ee\/en\/wp-json\/wp\/v2\/product_brand?post=19481"},{"taxonomy":"product_cat","embeddable":true,"href":"https:\/\/ursus.ee\/en\/wp-json\/wp\/v2\/product_cat?post=19481"},{"taxonomy":"product_tag","embeddable":true,"href":"https:\/\/ursus.ee\/en\/wp-json\/wp\/v2\/product_tag?post=19481"}],"curies":[{"name":"wp","href":"https:\/\/api.w.org\/{rel}","templated":true}]}}