{"id":19470,"date":"2026-05-11T18:17:38","date_gmt":"2026-05-11T15:17:38","guid":{"rendered":"https:\/\/ursus.ee\/toode\/universaalne-kasihari-premium\/"},"modified":"2026-05-14T10:50:05","modified_gmt":"2026-05-14T07:50:05","slug":"universaalne-kasihari-premium","status":"publish","type":"product","link":"https:\/\/ursus.ee\/en\/toode\/universaalne-kasihari-premium\/","title":{"rendered":"Universaalne k\u00e4sihari Premium"},"content":{"rendered":"<p>Spontex Premium sarja universaalne plastikust k\u00fc\u00fcrimishari. K\u00fc\u00fcrimisharja k\u00e4epide on kummist, mis v\u00f5imaldab harjaga mugavalt k\u00fc\u00fcrida.<\/p>\n","protected":false},"excerpt":{"rendered":"<p>Spontex Premium sarja universaalne plastikust k\u00fc\u00fcrimishari. K\u00fc\u00fcrimisharja k\u00e4epide on kummist, mis v\u00f5imaldab harjaga mugavalt k\u00fc\u00fcrida.<\/p>\n","protected":false},"featured_media":19471,"comment_status":"closed","ping_status":"open","template":"","meta":{"_acf_changed":false},"product_brand":[893],"product_cat":[409,515],"product_tag":[],"class_list":{"0":"post-19470","1":"product","2":"type-product","3":"status-publish","4":"has-post-thumbnail","6":"product_brand-spontex","7":"product_cat-koristustarvikud","8":"product_cat-svammid-lapid-ja-kuurimisvahendid","9":"pa_paritolumaa-hiina","10":"pa_uhik-tk","12":"first","13":"instock","14":"purchasable","15":"product-type-simple"},"acf":[],"_links":{"self":[{"href":"https:\/\/ursus.ee\/en\/wp-json\/wp\/v2\/product\/19470","targetHints":{"allow":["GET"]}}],"collection":[{"href":"https:\/\/ursus.ee\/en\/wp-json\/wp\/v2\/product"}],"about":[{"href":"https:\/\/ursus.ee\/en\/wp-json\/wp\/v2\/types\/product"}],"replies":[{"embeddable":true,"href":"https:\/\/ursus.ee\/en\/wp-json\/wp\/v2\/comments?post=19470"}],"wp:featuredmedia":[{"embeddable":true,"href":"https:\/\/ursus.ee\/en\/wp-json\/wp\/v2\/media\/19471"}],"wp:attachment":[{"href":"https:\/\/ursus.ee\/en\/wp-json\/wp\/v2\/media?parent=19470"}],"wp:term":[{"taxonomy":"product_brand","embeddable":true,"href":"https:\/\/ursus.ee\/en\/wp-json\/wp\/v2\/product_brand?post=19470"},{"taxonomy":"product_cat","embeddable":true,"href":"https:\/\/ursus.ee\/en\/wp-json\/wp\/v2\/product_cat?post=19470"},{"taxonomy":"product_tag","embeddable":true,"href":"https:\/\/ursus.ee\/en\/wp-json\/wp\/v2\/product_tag?post=19470"}],"curies":[{"name":"wp","href":"https:\/\/api.w.org\/{rel}","templated":true}]}}