{"id":19468,"date":"2026-05-11T18:17:38","date_gmt":"2026-05-11T15:17:38","guid":{"rendered":"https:\/\/ursus.ee\/toode\/puidust-kuurimishari\/"},"modified":"2026-05-14T10:50:03","modified_gmt":"2026-05-14T07:50:03","slug":"puidust-kuurimishari","status":"publish","type":"product","link":"https:\/\/ursus.ee\/en\/toode\/puidust-kuurimishari\/","title":{"rendered":"Puidust k\u00fc\u00fcrimishari"},"content":{"rendered":"<p>Klassikaline puidust k\u00e4epidemega ja 100% s\u00fcnteetilisetest kiududest valmistatud harjastega p\u00f5randak\u00fc\u00fcrimishari eriti tugeva mustuse eemaldamiseks. K\u00fc\u00fcrimishari on tugev ja vastupidav.<\/p>\n","protected":false},"excerpt":{"rendered":"<p>Klassikaline puidust k\u00e4epidemega ja 100% s\u00fcnteetilisetest kiududest valmistatud harjastega p\u00f5randak\u00fc\u00fcrimishari eriti tugeva mustuse eemaldamiseks. K\u00fc\u00fcrimishari on tugev ja vastupidav.<\/p>\n","protected":false},"featured_media":19469,"comment_status":"closed","ping_status":"open","template":"","meta":{"_acf_changed":false},"product_brand":[893],"product_cat":[409,515],"product_tag":[],"class_list":{"0":"post-19468","1":"product","2":"type-product","3":"status-publish","4":"has-post-thumbnail","6":"product_brand-spontex","7":"product_cat-koristustarvikud","8":"product_cat-svammid-lapid-ja-kuurimisvahendid","9":"pa_paritolumaa-tsehhi-vabariik","10":"pa_uhik-tk","12":"first","13":"instock","14":"purchasable","15":"product-type-simple"},"acf":[],"_links":{"self":[{"href":"https:\/\/ursus.ee\/en\/wp-json\/wp\/v2\/product\/19468","targetHints":{"allow":["GET"]}}],"collection":[{"href":"https:\/\/ursus.ee\/en\/wp-json\/wp\/v2\/product"}],"about":[{"href":"https:\/\/ursus.ee\/en\/wp-json\/wp\/v2\/types\/product"}],"replies":[{"embeddable":true,"href":"https:\/\/ursus.ee\/en\/wp-json\/wp\/v2\/comments?post=19468"}],"wp:featuredmedia":[{"embeddable":true,"href":"https:\/\/ursus.ee\/en\/wp-json\/wp\/v2\/media\/19469"}],"wp:attachment":[{"href":"https:\/\/ursus.ee\/en\/wp-json\/wp\/v2\/media?parent=19468"}],"wp:term":[{"taxonomy":"product_brand","embeddable":true,"href":"https:\/\/ursus.ee\/en\/wp-json\/wp\/v2\/product_brand?post=19468"},{"taxonomy":"product_cat","embeddable":true,"href":"https:\/\/ursus.ee\/en\/wp-json\/wp\/v2\/product_cat?post=19468"},{"taxonomy":"product_tag","embeddable":true,"href":"https:\/\/ursus.ee\/en\/wp-json\/wp\/v2\/product_tag?post=19468"}],"curies":[{"name":"wp","href":"https:\/\/api.w.org\/{rel}","templated":true}]}}