{"id":19463,"date":"2026-05-11T18:17:38","date_gmt":"2026-05-11T15:17:38","guid":{"rendered":"https:\/\/ursus.ee\/toode\/mopi-kuivatusrest-ambrile\/"},"modified":"2026-05-14T10:50:02","modified_gmt":"2026-05-14T07:50:02","slug":"mopi-kuivatusrest-ambrile","status":"publish","type":"product","link":"https:\/\/ursus.ee\/en\/toode\/mopi-kuivatusrest-ambrile\/","title":{"rendered":"Mopi kuivatusrest \u00e4mbrile"},"content":{"rendered":"<p>Vastupidav mopi v\u00e4\u00e4namiss\u00f5el\/ kuivatusrest mopi\u00e4mbrile. Disainitud kasutamiseks spetsiaalselt kiudmoppidele. Sobib kasutamiseks Spontex \u00fcmmargusel mopi\u00e4mbril.<\/p>\n","protected":false},"excerpt":{"rendered":"<p>Vastupidav mopi v\u00e4\u00e4namiss\u00f5el\/ kuivatusrest mopi\u00e4mbrile. Disainitud kasutamiseks spetsiaalselt kiudmoppidele. Sobib kasutamiseks Spontex \u00fcmmargusel mopi\u00e4mbril.<\/p>\n","protected":false},"featured_media":19464,"comment_status":"closed","ping_status":"open","template":"","meta":{"_acf_changed":false},"product_brand":[893],"product_cat":[409,453],"product_tag":[],"class_list":{"0":"post-19463","1":"product","2":"type-product","3":"status-publish","4":"has-post-thumbnail","6":"product_brand-spontex","7":"product_cat-koristustarvikud","8":"product_cat-porandapuhastus","9":"pa_paritolumaa-itaalia","10":"pa_uhik-tk","12":"first","13":"instock","14":"purchasable","15":"product-type-simple"},"acf":[],"_links":{"self":[{"href":"https:\/\/ursus.ee\/en\/wp-json\/wp\/v2\/product\/19463","targetHints":{"allow":["GET"]}}],"collection":[{"href":"https:\/\/ursus.ee\/en\/wp-json\/wp\/v2\/product"}],"about":[{"href":"https:\/\/ursus.ee\/en\/wp-json\/wp\/v2\/types\/product"}],"replies":[{"embeddable":true,"href":"https:\/\/ursus.ee\/en\/wp-json\/wp\/v2\/comments?post=19463"}],"wp:featuredmedia":[{"embeddable":true,"href":"https:\/\/ursus.ee\/en\/wp-json\/wp\/v2\/media\/19464"}],"wp:attachment":[{"href":"https:\/\/ursus.ee\/en\/wp-json\/wp\/v2\/media?parent=19463"}],"wp:term":[{"taxonomy":"product_brand","embeddable":true,"href":"https:\/\/ursus.ee\/en\/wp-json\/wp\/v2\/product_brand?post=19463"},{"taxonomy":"product_cat","embeddable":true,"href":"https:\/\/ursus.ee\/en\/wp-json\/wp\/v2\/product_cat?post=19463"},{"taxonomy":"product_tag","embeddable":true,"href":"https:\/\/ursus.ee\/en\/wp-json\/wp\/v2\/product_tag?post=19463"}],"curies":[{"name":"wp","href":"https:\/\/api.w.org\/{rel}","templated":true}]}}