{"id":19461,"date":"2026-05-11T18:17:38","date_gmt":"2026-05-11T15:17:38","guid":{"rendered":"https:\/\/ursus.ee\/toode\/amber-12l\/"},"modified":"2026-05-14T10:49:55","modified_gmt":"2026-05-14T07:49:55","slug":"amber-12l","status":"publish","type":"product","link":"https:\/\/ursus.ee\/en\/toode\/amber-12l\/","title":{"rendered":"\u00c4mber 12l"},"content":{"rendered":"<p>Spetsiaalne \u00e4mber mugavaks p\u00f5randapesuks. \u00c4mbri maht 12 liitrit. Metallist k\u00e4epide. \u00c4mbril on spetsiaalne valamistila mugavaks t\u00fchjendamiseks. Mugavamaks kasutamiseks soovitame \u00e4mbrile asetada ka plastikust v\u00e4\u00e4namiss\u00f5ela (ei kuulu komplekti).<\/p>\n","protected":false},"excerpt":{"rendered":"<p>Spetsiaalne \u00e4mber mugavaks p\u00f5randapesuks. \u00c4mbri maht 12 liitrit. Metallist k\u00e4epide. \u00c4mbril on spetsiaalne valamistila mugavaks t\u00fchjendamiseks. Mugavamaks kasutamiseks soovitame \u00e4mbrile asetada ka plastikust v\u00e4\u00e4namiss\u00f5ela (ei kuulu komplekti).<\/p>\n","protected":false},"featured_media":19462,"comment_status":"closed","ping_status":"open","template":"","meta":{"_acf_changed":false},"product_brand":[893],"product_cat":[409,453],"product_tag":[],"class_list":{"0":"post-19461","1":"product","2":"type-product","3":"status-publish","4":"has-post-thumbnail","6":"product_brand-spontex","7":"product_cat-koristustarvikud","8":"product_cat-porandapuhastus","9":"pa_paritolumaa-itaalia","10":"pa_uhik-tk","12":"first","13":"instock","14":"purchasable","15":"product-type-simple"},"acf":[],"_links":{"self":[{"href":"https:\/\/ursus.ee\/en\/wp-json\/wp\/v2\/product\/19461","targetHints":{"allow":["GET"]}}],"collection":[{"href":"https:\/\/ursus.ee\/en\/wp-json\/wp\/v2\/product"}],"about":[{"href":"https:\/\/ursus.ee\/en\/wp-json\/wp\/v2\/types\/product"}],"replies":[{"embeddable":true,"href":"https:\/\/ursus.ee\/en\/wp-json\/wp\/v2\/comments?post=19461"}],"wp:featuredmedia":[{"embeddable":true,"href":"https:\/\/ursus.ee\/en\/wp-json\/wp\/v2\/media\/19462"}],"wp:attachment":[{"href":"https:\/\/ursus.ee\/en\/wp-json\/wp\/v2\/media?parent=19461"}],"wp:term":[{"taxonomy":"product_brand","embeddable":true,"href":"https:\/\/ursus.ee\/en\/wp-json\/wp\/v2\/product_brand?post=19461"},{"taxonomy":"product_cat","embeddable":true,"href":"https:\/\/ursus.ee\/en\/wp-json\/wp\/v2\/product_cat?post=19461"},{"taxonomy":"product_tag","embeddable":true,"href":"https:\/\/ursus.ee\/en\/wp-json\/wp\/v2\/product_tag?post=19461"}],"curies":[{"name":"wp","href":"https:\/\/api.w.org\/{rel}","templated":true}]}}