{"id":19459,"date":"2026-05-11T18:17:38","date_gmt":"2026-05-11T15:17:38","guid":{"rendered":"https:\/\/ursus.ee\/toode\/harikuhvel-kogujaga-senior\/"},"modified":"2026-05-14T10:49:55","modified_gmt":"2026-05-14T07:49:55","slug":"harikuhvel-kogujaga-senior","status":"publish","type":"product","link":"https:\/\/ursus.ee\/en\/toode\/harikuhvel-kogujaga-senior\/","title":{"rendered":"Hari+k\u00fchvel kogujaga Senior"},"content":{"rendered":"<p>K\u00f5rgekvaliteediline k\u00e4siharja ja k\u00fchvli komplekt pika k\u00e4epidemega. Mugav kasutada, kuna puudub vajadus kummardamiseks. K\u00fchvel on valmistatud vastupidavast plastikmaterjalist ja varustatud kummi\u00e4\u00e4rega, mis takistab tolmu lendlemist. K\u00e4siharja harjased on valmistatud s\u00fcnteetilisest kiust.<\/p>\n","protected":false},"excerpt":{"rendered":"<p>K\u00f5rgekvaliteediline k\u00e4siharja ja k\u00fchvli komplekt pika k\u00e4epidemega. Mugav kasutada, kuna puudub vajadus kummardamiseks. K\u00fchvel on valmistatud vastupidavast plastikmaterjalist ja varustatud kummi\u00e4\u00e4rega, mis takistab tolmu lendlemist. K\u00e4siharja harjased on valmistatud s\u00fcnteetilisest kiust.<\/p>\n","protected":false},"featured_media":19460,"comment_status":"closed","ping_status":"closed","template":"","meta":{"_acf_changed":false},"product_brand":[893],"product_cat":[409,453],"product_tag":[],"class_list":{"0":"post-19459","1":"product","2":"type-product","3":"status-publish","4":"has-post-thumbnail","6":"product_brand-spontex","7":"product_cat-koristustarvikud","8":"product_cat-porandapuhastus","9":"pa_paritolumaa-itaalia","10":"pa_uhik-kompl","12":"first","13":"instock","14":"purchasable","15":"product-type-simple"},"acf":[],"_links":{"self":[{"href":"https:\/\/ursus.ee\/en\/wp-json\/wp\/v2\/product\/19459","targetHints":{"allow":["GET"]}}],"collection":[{"href":"https:\/\/ursus.ee\/en\/wp-json\/wp\/v2\/product"}],"about":[{"href":"https:\/\/ursus.ee\/en\/wp-json\/wp\/v2\/types\/product"}],"replies":[{"embeddable":true,"href":"https:\/\/ursus.ee\/en\/wp-json\/wp\/v2\/comments?post=19459"}],"wp:featuredmedia":[{"embeddable":true,"href":"https:\/\/ursus.ee\/en\/wp-json\/wp\/v2\/media\/19460"}],"wp:attachment":[{"href":"https:\/\/ursus.ee\/en\/wp-json\/wp\/v2\/media?parent=19459"}],"wp:term":[{"taxonomy":"product_brand","embeddable":true,"href":"https:\/\/ursus.ee\/en\/wp-json\/wp\/v2\/product_brand?post=19459"},{"taxonomy":"product_cat","embeddable":true,"href":"https:\/\/ursus.ee\/en\/wp-json\/wp\/v2\/product_cat?post=19459"},{"taxonomy":"product_tag","embeddable":true,"href":"https:\/\/ursus.ee\/en\/wp-json\/wp\/v2\/product_tag?post=19459"}],"curies":[{"name":"wp","href":"https:\/\/api.w.org\/{rel}","templated":true}]}}