{"id":19455,"date":"2026-05-11T18:11:55","date_gmt":"2026-05-11T15:11:55","guid":{"rendered":"https:\/\/ursus.ee\/toode\/mikrofiiber-mopp-quick-max-vahetuskate\/"},"modified":"2026-05-14T10:50:00","modified_gmt":"2026-05-14T07:50:00","slug":"mikrofiiber-mopp-quick-max-vahetuskate","status":"publish","type":"product","link":"https:\/\/ursus.ee\/en\/toode\/mikrofiiber-mopp-quick-max-vahetuskate\/","title":{"rendered":"Mikrofiiber mopp Quick Max vahetuskate"},"content":{"rendered":"<p>Vahtuskate Spontex Quick Max Profi p\u00f5randapesijale. Mopp on h\u00e4stiliikuv ja j\u00f5uab ka raskesti ligip\u00e4\u00e4setavatesse kohtadesse kerge vaevaga. Mopi h\u00e4stiimav mikrofiiberkiust lapp korjab p\u00f5randalt kerge vaevaga \u00fcles tolmu ja mustuse. Sobib kasutamiseks ka ilma puhastusvahenditeta, keskkonna- ja tervises\u00e4\u00e4stlik. Mopp on sobilik kasutamiseks m\u00e4rgpuhastusel pea k\u00f5ikidel p\u00f5randat\u00fc\u00fcpidel (keraamiline plaat, laminaat, puitp\u00f5rand jne). Mikrofiiberlapi efektiivsuse tagamiseks ei soovitata seda pesta pesuloputusvahendi ega pleegitusainetega.<\/p>\n","protected":false},"excerpt":{"rendered":"<p>Vahtuskate Spontex Quick Max Profi p\u00f5randapesijale. Mopp on h\u00e4stiliikuv ja j\u00f5uab ka raskesti ligip\u00e4\u00e4setavatesse kohtadesse kerge vaevaga. Mopi h\u00e4stiimav mikrofiiberkiust lapp korjab p\u00f5randalt kerge vaevaga \u00fcles tolmu ja mustuse. Sobib kasutamiseks ka ilma puhastusvahenditeta, keskkonna- ja tervises\u00e4\u00e4stlik. Mopp on sobilik kasutamiseks m\u00e4rgpuhastusel pea k\u00f5ikidel p\u00f5randat\u00fc\u00fcpidel (keraamiline plaat, laminaat, puitp\u00f5rand jne). Mikrofiiberlapi efektiivsuse tagamiseks ei soovitata<\/p>\n","protected":false},"featured_media":19456,"comment_status":"closed","ping_status":"open","template":"","meta":{"_acf_changed":false},"product_brand":[893],"product_cat":[409,453],"product_tag":[],"class_list":{"0":"post-19455","1":"product","2":"type-product","3":"status-publish","4":"has-post-thumbnail","6":"product_brand-spontex","7":"product_cat-koristustarvikud","8":"product_cat-porandapuhastus","9":"pa_paritolumaa-hiina","10":"pa_uhik-tk","12":"first","13":"instock","14":"purchasable","15":"product-type-simple"},"acf":[],"_links":{"self":[{"href":"https:\/\/ursus.ee\/en\/wp-json\/wp\/v2\/product\/19455","targetHints":{"allow":["GET"]}}],"collection":[{"href":"https:\/\/ursus.ee\/en\/wp-json\/wp\/v2\/product"}],"about":[{"href":"https:\/\/ursus.ee\/en\/wp-json\/wp\/v2\/types\/product"}],"replies":[{"embeddable":true,"href":"https:\/\/ursus.ee\/en\/wp-json\/wp\/v2\/comments?post=19455"}],"wp:featuredmedia":[{"embeddable":true,"href":"https:\/\/ursus.ee\/en\/wp-json\/wp\/v2\/media\/19456"}],"wp:attachment":[{"href":"https:\/\/ursus.ee\/en\/wp-json\/wp\/v2\/media?parent=19455"}],"wp:term":[{"taxonomy":"product_brand","embeddable":true,"href":"https:\/\/ursus.ee\/en\/wp-json\/wp\/v2\/product_brand?post=19455"},{"taxonomy":"product_cat","embeddable":true,"href":"https:\/\/ursus.ee\/en\/wp-json\/wp\/v2\/product_cat?post=19455"},{"taxonomy":"product_tag","embeddable":true,"href":"https:\/\/ursus.ee\/en\/wp-json\/wp\/v2\/product_tag?post=19455"}],"curies":[{"name":"wp","href":"https:\/\/api.w.org\/{rel}","templated":true}]}}