{"id":19450,"date":"2026-05-11T18:11:55","date_gmt":"2026-05-11T15:11:55","guid":{"rendered":"https:\/\/ursus.ee\/toode\/mikrofiiber-mopp-multi-vahetuskate\/"},"modified":"2026-05-14T10:49:59","modified_gmt":"2026-05-14T07:49:59","slug":"mikrofiiber-mopp-multi-vahetuskate","status":"publish","type":"product","link":"https:\/\/ursus.ee\/en\/toode\/mikrofiiber-mopp-multi-vahetuskate\/","title":{"rendered":"Mikrofiiber mopp Multi vahetuskate"},"content":{"rendered":"<p>Vahetuskate Microwiper Multi taldmopile. Mopiotsik on valmistatud mikrofiibri ja \u0161enillkiu segust, mis puhastab pinnad efektiivselt ja kogub enda k\u00fclge tolmuk\u00fcbemed. Mopi omaduste t\u00f5ttu on see sobilik kasutamiseks ka ilma puhastusvahenditeta. T\u00e4nu suurele kontaktpinnale puhastab kiirelt ja efektiivselt ning eemaldab pindadelt mustuse ja plekid.<\/p>\n","protected":false},"excerpt":{"rendered":"<p>Vahetuskate Microwiper Multi taldmopile. Mopiotsik on valmistatud mikrofiibri ja \u0161enillkiu segust, mis puhastab pinnad efektiivselt ja kogub enda k\u00fclge tolmuk\u00fcbemed. Mopi omaduste t\u00f5ttu on see sobilik kasutamiseks ka ilma puhastusvahenditeta. T\u00e4nu suurele kontaktpinnale puhastab kiirelt ja efektiivselt ning eemaldab pindadelt mustuse ja plekid.<\/p>\n","protected":false},"featured_media":19451,"comment_status":"closed","ping_status":"open","template":"","meta":{"_acf_changed":false},"product_brand":[893],"product_cat":[409,453],"product_tag":[],"class_list":{"0":"post-19450","1":"product","2":"type-product","3":"status-publish","4":"has-post-thumbnail","6":"product_brand-spontex","7":"product_cat-koristustarvikud","8":"product_cat-porandapuhastus","9":"pa_paritolumaa-hiina","10":"pa_uhik-tk","12":"first","13":"instock","14":"purchasable","15":"product-type-simple"},"acf":[],"_links":{"self":[{"href":"https:\/\/ursus.ee\/en\/wp-json\/wp\/v2\/product\/19450","targetHints":{"allow":["GET"]}}],"collection":[{"href":"https:\/\/ursus.ee\/en\/wp-json\/wp\/v2\/product"}],"about":[{"href":"https:\/\/ursus.ee\/en\/wp-json\/wp\/v2\/types\/product"}],"replies":[{"embeddable":true,"href":"https:\/\/ursus.ee\/en\/wp-json\/wp\/v2\/comments?post=19450"}],"wp:featuredmedia":[{"embeddable":true,"href":"https:\/\/ursus.ee\/en\/wp-json\/wp\/v2\/media\/19451"}],"wp:attachment":[{"href":"https:\/\/ursus.ee\/en\/wp-json\/wp\/v2\/media?parent=19450"}],"wp:term":[{"taxonomy":"product_brand","embeddable":true,"href":"https:\/\/ursus.ee\/en\/wp-json\/wp\/v2\/product_brand?post=19450"},{"taxonomy":"product_cat","embeddable":true,"href":"https:\/\/ursus.ee\/en\/wp-json\/wp\/v2\/product_cat?post=19450"},{"taxonomy":"product_tag","embeddable":true,"href":"https:\/\/ursus.ee\/en\/wp-json\/wp\/v2\/product_tag?post=19450"}],"curies":[{"name":"wp","href":"https:\/\/api.w.org\/{rel}","templated":true}]}}