{"id":19448,"date":"2026-05-11T18:11:55","date_gmt":"2026-05-11T15:11:55","guid":{"rendered":"https:\/\/ursus.ee\/toode\/mikrofiiber-mopp-abrasive-vahetuskate\/"},"modified":"2026-05-14T10:49:59","modified_gmt":"2026-05-14T07:49:59","slug":"mikrofiiber-mopp-abrasive-vahetuskate","status":"publish","type":"product","link":"https:\/\/ursus.ee\/en\/toode\/mikrofiiber-mopp-abrasive-vahetuskate\/","title":{"rendered":"Mikrofiiber mopp Abrasive vahetuskate"},"content":{"rendered":"<p>Mikrofiibriga taldmopi vahetusotsik p\u00f5randapesuks v\u00f5imaldab koristada ilma kemikaalideta &#8211; tervise- ja keskkonnas\u00f5bralik toode. Mopiotsik on valmistatud on mikrofiibrist ning selle kangal on spetsiaalsed abrasiivmaterjalist triibukesed, mis eemaldavad ka tugevama mustuse ilma pinda kahjustamata.<\/p>\n","protected":false},"excerpt":{"rendered":"<p>Mikrofiibriga taldmopi vahetusotsik p\u00f5randapesuks v\u00f5imaldab koristada ilma kemikaalideta &#8211; tervise- ja keskkonnas\u00f5bralik toode. Mopiotsik on valmistatud on mikrofiibrist ning selle kangal on spetsiaalsed abrasiivmaterjalist triibukesed, mis eemaldavad ka tugevama mustuse ilma pinda kahjustamata.<\/p>\n","protected":false},"featured_media":19449,"comment_status":"closed","ping_status":"open","template":"","meta":{"_acf_changed":false},"product_brand":[893],"product_cat":[409,453],"product_tag":[],"class_list":{"0":"post-19448","1":"product","2":"type-product","3":"status-publish","4":"has-post-thumbnail","6":"product_brand-spontex","7":"product_cat-koristustarvikud","8":"product_cat-porandapuhastus","9":"pa_paritolumaa-hiina","10":"pa_uhik-tk","12":"first","13":"instock","14":"purchasable","15":"product-type-simple"},"acf":[],"_links":{"self":[{"href":"https:\/\/ursus.ee\/en\/wp-json\/wp\/v2\/product\/19448","targetHints":{"allow":["GET"]}}],"collection":[{"href":"https:\/\/ursus.ee\/en\/wp-json\/wp\/v2\/product"}],"about":[{"href":"https:\/\/ursus.ee\/en\/wp-json\/wp\/v2\/types\/product"}],"replies":[{"embeddable":true,"href":"https:\/\/ursus.ee\/en\/wp-json\/wp\/v2\/comments?post=19448"}],"wp:featuredmedia":[{"embeddable":true,"href":"https:\/\/ursus.ee\/en\/wp-json\/wp\/v2\/media\/19449"}],"wp:attachment":[{"href":"https:\/\/ursus.ee\/en\/wp-json\/wp\/v2\/media?parent=19448"}],"wp:term":[{"taxonomy":"product_brand","embeddable":true,"href":"https:\/\/ursus.ee\/en\/wp-json\/wp\/v2\/product_brand?post=19448"},{"taxonomy":"product_cat","embeddable":true,"href":"https:\/\/ursus.ee\/en\/wp-json\/wp\/v2\/product_cat?post=19448"},{"taxonomy":"product_tag","embeddable":true,"href":"https:\/\/ursus.ee\/en\/wp-json\/wp\/v2\/product_tag?post=19448"}],"curies":[{"name":"wp","href":"https:\/\/api.w.org\/{rel}","templated":true}]}}