{"id":19446,"date":"2026-05-11T18:11:55","date_gmt":"2026-05-11T15:11:55","guid":{"rendered":"https:\/\/ursus.ee\/toode\/mikrofiiber-mopp-quick-max-profi\/"},"modified":"2026-05-14T10:50:00","modified_gmt":"2026-05-14T07:50:00","slug":"mikrofiiber-mopp-quick-max-profi","status":"publish","type":"product","link":"https:\/\/ursus.ee\/en\/toode\/mikrofiiber-mopp-quick-max-profi\/","title":{"rendered":"Mikrofiiber mopp Quick Max Profi"},"content":{"rendered":"<p>T\u00e4nu ekslusiivsele ise-v\u00e4\u00e4navale s\u00fcsteemile, on Spontex Quick Max Profi teleskoopvarrega p\u00f5randapesija v\u00e4ga efektiivne vahend koristamisel. Mopi saab kuivaks v\u00e4\u00e4nata t\u00f5husalt ja lihtsalt ilma v\u00e4\u00e4namisrestita. Mopp on p\u00f6\u00f6rlev, h\u00e4stiliikuv ja j\u00f5uab ka raskesti ligip\u00e4\u00e4setavatesse kohtadesse kerge vaevaga. Mopi h\u00e4stiimav mikrofiiberkiust lapp korjab p\u00f5randalt kerge vaevaga \u00fcles tolmu ja mustuse. Sobib kasutamiseks ka ilma puhastusvahenditeta, keskkonna- ja tervises\u00e4\u00e4stlik. Mopp on sobilik kasutamiseks m\u00e4rgpuhastusel pea k\u00f5ikidel p\u00f5randat\u00fc\u00fcpidel (keraamiline plaat, laminaat, puitp\u00f5rand jne). Mikrofiiberlapi efektiivsuse tagamiseks ei soovitata seda pesta pesuloputusvahendi ega pleegitusainetega.<\/p>\n","protected":false},"excerpt":{"rendered":"<p>T\u00e4nu ekslusiivsele ise-v\u00e4\u00e4navale s\u00fcsteemile, on Spontex Quick Max Profi teleskoopvarrega p\u00f5randapesija v\u00e4ga efektiivne vahend koristamisel. Mopi saab kuivaks v\u00e4\u00e4nata t\u00f5husalt ja lihtsalt ilma v\u00e4\u00e4namisrestita. Mopp on p\u00f6\u00f6rlev, h\u00e4stiliikuv ja j\u00f5uab ka raskesti ligip\u00e4\u00e4setavatesse kohtadesse kerge vaevaga. Mopi h\u00e4stiimav mikrofiiberkiust lapp korjab p\u00f5randalt kerge vaevaga \u00fcles tolmu ja mustuse. Sobib kasutamiseks ka ilma puhastusvahenditeta, keskkonna- ja<\/p>\n","protected":false},"featured_media":19447,"comment_status":"closed","ping_status":"closed","template":"","meta":{"_acf_changed":false},"product_brand":[893],"product_cat":[409,453],"product_tag":[],"class_list":{"0":"post-19446","1":"product","2":"type-product","3":"status-publish","4":"has-post-thumbnail","6":"product_brand-spontex","7":"product_cat-koristustarvikud","8":"product_cat-porandapuhastus","9":"pa_paritolumaa-hiina","10":"pa_uhik-tk","12":"first","13":"instock","14":"purchasable","15":"product-type-simple"},"acf":[],"_links":{"self":[{"href":"https:\/\/ursus.ee\/en\/wp-json\/wp\/v2\/product\/19446","targetHints":{"allow":["GET"]}}],"collection":[{"href":"https:\/\/ursus.ee\/en\/wp-json\/wp\/v2\/product"}],"about":[{"href":"https:\/\/ursus.ee\/en\/wp-json\/wp\/v2\/types\/product"}],"replies":[{"embeddable":true,"href":"https:\/\/ursus.ee\/en\/wp-json\/wp\/v2\/comments?post=19446"}],"wp:featuredmedia":[{"embeddable":true,"href":"https:\/\/ursus.ee\/en\/wp-json\/wp\/v2\/media\/19447"}],"wp:attachment":[{"href":"https:\/\/ursus.ee\/en\/wp-json\/wp\/v2\/media?parent=19446"}],"wp:term":[{"taxonomy":"product_brand","embeddable":true,"href":"https:\/\/ursus.ee\/en\/wp-json\/wp\/v2\/product_brand?post=19446"},{"taxonomy":"product_cat","embeddable":true,"href":"https:\/\/ursus.ee\/en\/wp-json\/wp\/v2\/product_cat?post=19446"},{"taxonomy":"product_tag","embeddable":true,"href":"https:\/\/ursus.ee\/en\/wp-json\/wp\/v2\/product_tag?post=19446"}],"curies":[{"name":"wp","href":"https:\/\/api.w.org\/{rel}","templated":true}]}}