{"id":19434,"date":"2026-05-11T18:11:55","date_gmt":"2026-05-11T15:11:55","guid":{"rendered":"https:\/\/ursus.ee\/toode\/porandapesukomplekt-magic-hook\/"},"modified":"2026-05-14T10:50:03","modified_gmt":"2026-05-14T07:50:03","slug":"porandapesukomplekt-magic-hook","status":"publish","type":"product","link":"https:\/\/ursus.ee\/en\/toode\/porandapesukomplekt-magic-hook\/","title":{"rendered":"P\u00f5randapesukomplekt Magic Hook"},"content":{"rendered":"<p>Manuaalse kuivatuss\u00fcsteemiga p\u00f5randapesija, mille v\u00e4\u00e4namine on eriti efektiivne ja ergoniimiline t\u00e4nu unikaalsele disainile. Mopi komplekti kuulub p\u00f5randapesu\u00e4mber sisseehitatud kuivatuss\u00fcsteemiga, p\u00f5randapesija ja p\u00f5randapesija kate, mis on valmistatud 100% mirofiibermaterjalist. Mikrofiiber eemaldab efektiivselt kuni 99% bakteritest. Sobilik k\u00f5ikidele p\u00f5randapindadele ja p\u00f5randakatte t\u00fc\u00fcpidele.<\/p>\n","protected":false},"excerpt":{"rendered":"<p>Manuaalse kuivatuss\u00fcsteemiga p\u00f5randapesija, mille v\u00e4\u00e4namine on eriti efektiivne ja ergoniimiline t\u00e4nu unikaalsele disainile. Mopi komplekti kuulub p\u00f5randapesu\u00e4mber sisseehitatud kuivatuss\u00fcsteemiga, p\u00f5randapesija ja p\u00f5randapesija kate, mis on valmistatud 100% mirofiibermaterjalist. Mikrofiiber eemaldab efektiivselt kuni 99% bakteritest. Sobilik k\u00f5ikidele p\u00f5randapindadele ja p\u00f5randakatte t\u00fc\u00fcpidele.<\/p>\n","protected":false},"featured_media":19435,"comment_status":"closed","ping_status":"closed","template":"","meta":{"_acf_changed":false},"product_brand":[893],"product_cat":[409,453],"product_tag":[],"class_list":{"0":"post-19434","1":"product","2":"type-product","3":"status-publish","4":"has-post-thumbnail","6":"product_brand-spontex","7":"product_cat-koristustarvikud","8":"product_cat-porandapuhastus","9":"pa_paritolumaa-prantsusmaa","10":"pa_uhik-kompl","12":"first","13":"instock","14":"purchasable","15":"product-type-simple"},"acf":[],"_links":{"self":[{"href":"https:\/\/ursus.ee\/en\/wp-json\/wp\/v2\/product\/19434","targetHints":{"allow":["GET"]}}],"collection":[{"href":"https:\/\/ursus.ee\/en\/wp-json\/wp\/v2\/product"}],"about":[{"href":"https:\/\/ursus.ee\/en\/wp-json\/wp\/v2\/types\/product"}],"replies":[{"embeddable":true,"href":"https:\/\/ursus.ee\/en\/wp-json\/wp\/v2\/comments?post=19434"}],"wp:featuredmedia":[{"embeddable":true,"href":"https:\/\/ursus.ee\/en\/wp-json\/wp\/v2\/media\/19435"}],"wp:attachment":[{"href":"https:\/\/ursus.ee\/en\/wp-json\/wp\/v2\/media?parent=19434"}],"wp:term":[{"taxonomy":"product_brand","embeddable":true,"href":"https:\/\/ursus.ee\/en\/wp-json\/wp\/v2\/product_brand?post=19434"},{"taxonomy":"product_cat","embeddable":true,"href":"https:\/\/ursus.ee\/en\/wp-json\/wp\/v2\/product_cat?post=19434"},{"taxonomy":"product_tag","embeddable":true,"href":"https:\/\/ursus.ee\/en\/wp-json\/wp\/v2\/product_tag?post=19434"}],"curies":[{"name":"wp","href":"https:\/\/api.w.org\/{rel}","templated":true}]}}