{"id":19428,"date":"2026-05-11T18:11:55","date_gmt":"2026-05-11T15:11:55","guid":{"rendered":"https:\/\/ursus.ee\/toode\/universaalne-puhastuslapp-multiuso-73tk\/"},"modified":"2026-05-14T10:50:06","modified_gmt":"2026-05-14T07:50:06","slug":"universaalne-puhastuslapp-multiuso-73tk","status":"publish","type":"product","link":"https:\/\/ursus.ee\/en\/toode\/universaalne-puhastuslapp-multiuso-73tk\/","title":{"rendered":"Universaalne puhastuslapp Multiuso 7+3tk"},"content":{"rendered":"<p>Pehme puhastuslapp igap\u00e4evaseks kasutamiseks. Sobib kasutamiseks kuiv- ja m\u00e4rgpuhastusel. M\u00f5\u00f5dud 36x46cm.<\/p>\n","protected":false},"excerpt":{"rendered":"<p>Pehme puhastuslapp igap\u00e4evaseks kasutamiseks. Sobib kasutamiseks kuiv- ja m\u00e4rgpuhastusel. M\u00f5\u00f5dud 36x46cm.<\/p>\n","protected":false},"featured_media":19429,"comment_status":"closed","ping_status":"open","template":"","meta":{"_acf_changed":false},"product_brand":[893],"product_cat":[409,515],"product_tag":[],"class_list":{"0":"post-19428","1":"product","2":"type-product","3":"status-publish","4":"has-post-thumbnail","6":"product_brand-spontex","7":"product_cat-koristustarvikud","8":"product_cat-svammid-lapid-ja-kuurimisvahendid","9":"pa_paritolumaa-hiina","10":"pa_uhik-tk","12":"first","13":"instock","14":"purchasable","15":"product-type-simple"},"acf":[],"_links":{"self":[{"href":"https:\/\/ursus.ee\/en\/wp-json\/wp\/v2\/product\/19428","targetHints":{"allow":["GET"]}}],"collection":[{"href":"https:\/\/ursus.ee\/en\/wp-json\/wp\/v2\/product"}],"about":[{"href":"https:\/\/ursus.ee\/en\/wp-json\/wp\/v2\/types\/product"}],"replies":[{"embeddable":true,"href":"https:\/\/ursus.ee\/en\/wp-json\/wp\/v2\/comments?post=19428"}],"wp:featuredmedia":[{"embeddable":true,"href":"https:\/\/ursus.ee\/en\/wp-json\/wp\/v2\/media\/19429"}],"wp:attachment":[{"href":"https:\/\/ursus.ee\/en\/wp-json\/wp\/v2\/media?parent=19428"}],"wp:term":[{"taxonomy":"product_brand","embeddable":true,"href":"https:\/\/ursus.ee\/en\/wp-json\/wp\/v2\/product_brand?post=19428"},{"taxonomy":"product_cat","embeddable":true,"href":"https:\/\/ursus.ee\/en\/wp-json\/wp\/v2\/product_cat?post=19428"},{"taxonomy":"product_tag","embeddable":true,"href":"https:\/\/ursus.ee\/en\/wp-json\/wp\/v2\/product_tag?post=19428"}],"curies":[{"name":"wp","href":"https:\/\/api.w.org\/{rel}","templated":true}]}}