{"id":19413,"date":"2026-05-11T18:11:55","date_gmt":"2026-05-11T15:11:55","guid":{"rendered":"https:\/\/ursus.ee\/toode\/svammlapp-natura-3tk\/"},"modified":"2026-05-14T10:50:04","modified_gmt":"2026-05-14T07:50:04","slug":"svammlapp-natura-3tk","status":"publish","type":"product","link":"https:\/\/ursus.ee\/en\/toode\/svammlapp-natura-3tk\/","title":{"rendered":"Svammlapp Natura 3tk"},"content":{"rendered":"<p>H\u00e4stiimav multifunktsionaalne svammlapp on sobilik kasutamiseks tolmu p\u00fchkimisel ja pindade puhastamisel. Natura svammlapid on valmistatud 100% biolagunevast materjalist. Keskkonnas\u00f5bralik toode. Hea imavusega, vastupidav ja kauakestev.<\/p>\n","protected":false},"excerpt":{"rendered":"<p>H\u00e4stiimav multifunktsionaalne svammlapp on sobilik kasutamiseks tolmu p\u00fchkimisel ja pindade puhastamisel. Natura svammlapid on valmistatud 100% biolagunevast materjalist. Keskkonnas\u00f5bralik toode. Hea imavusega, vastupidav ja kauakestev.<\/p>\n","protected":false},"featured_media":19414,"comment_status":"closed","ping_status":"open","template":"","meta":{"_acf_changed":false},"product_brand":[893],"product_cat":[409,515],"product_tag":[],"class_list":{"0":"post-19413","1":"product","2":"type-product","3":"status-publish","4":"has-post-thumbnail","6":"product_brand-spontex","7":"product_cat-koristustarvikud","8":"product_cat-svammid-lapid-ja-kuurimisvahendid","9":"pa_paritolumaa-hispaania","10":"pa_uhik-tk","12":"first","13":"instock","14":"purchasable","15":"product-type-simple"},"acf":[],"_links":{"self":[{"href":"https:\/\/ursus.ee\/en\/wp-json\/wp\/v2\/product\/19413","targetHints":{"allow":["GET"]}}],"collection":[{"href":"https:\/\/ursus.ee\/en\/wp-json\/wp\/v2\/product"}],"about":[{"href":"https:\/\/ursus.ee\/en\/wp-json\/wp\/v2\/types\/product"}],"replies":[{"embeddable":true,"href":"https:\/\/ursus.ee\/en\/wp-json\/wp\/v2\/comments?post=19413"}],"wp:featuredmedia":[{"embeddable":true,"href":"https:\/\/ursus.ee\/en\/wp-json\/wp\/v2\/media\/19414"}],"wp:attachment":[{"href":"https:\/\/ursus.ee\/en\/wp-json\/wp\/v2\/media?parent=19413"}],"wp:term":[{"taxonomy":"product_brand","embeddable":true,"href":"https:\/\/ursus.ee\/en\/wp-json\/wp\/v2\/product_brand?post=19413"},{"taxonomy":"product_cat","embeddable":true,"href":"https:\/\/ursus.ee\/en\/wp-json\/wp\/v2\/product_cat?post=19413"},{"taxonomy":"product_tag","embeddable":true,"href":"https:\/\/ursus.ee\/en\/wp-json\/wp\/v2\/product_tag?post=19413"}],"curies":[{"name":"wp","href":"https:\/\/api.w.org\/{rel}","templated":true}]}}