{"id":19411,"date":"2026-05-11T18:06:13","date_gmt":"2026-05-11T15:06:13","guid":{"rendered":"https:\/\/ursus.ee\/toode\/svammlapp-antibacterial-3tk\/"},"modified":"2026-05-14T10:50:04","modified_gmt":"2026-05-14T07:50:04","slug":"svammlapp-antibacterial-3tk","status":"publish","type":"product","link":"https:\/\/ursus.ee\/en\/toode\/svammlapp-antibacterial-3tk\/","title":{"rendered":"Svammlapp Antibacterial 3tk"},"content":{"rendered":"<p>Antibakteriaalsete omadustega \u0161vammlapp, takistab bakterite ja ebameeldivate l\u00f5hnade teket. V\u00e4ga vastupidav, neelab oma kaalust 16 korda rohkem vedelikku.<\/p>\n","protected":false},"excerpt":{"rendered":"<p>Antibakteriaalsete omadustega \u0161vammlapp, takistab bakterite ja ebameeldivate l\u00f5hnade teket. V\u00e4ga vastupidav, neelab oma kaalust 16 korda rohkem vedelikku.<\/p>\n","protected":false},"featured_media":19412,"comment_status":"closed","ping_status":"open","template":"","meta":{"_acf_changed":false},"product_brand":[893],"product_cat":[409,515],"product_tag":[],"class_list":{"0":"post-19411","1":"product","2":"type-product","3":"status-publish","4":"has-post-thumbnail","6":"product_brand-spontex","7":"product_cat-koristustarvikud","8":"product_cat-svammid-lapid-ja-kuurimisvahendid","9":"pa_koostis-1-viskoos","10":"pa_paritolumaa-hispaania","11":"pa_uhik-tk","13":"first","14":"instock","15":"purchasable","16":"product-type-simple"},"acf":[],"_links":{"self":[{"href":"https:\/\/ursus.ee\/en\/wp-json\/wp\/v2\/product\/19411","targetHints":{"allow":["GET"]}}],"collection":[{"href":"https:\/\/ursus.ee\/en\/wp-json\/wp\/v2\/product"}],"about":[{"href":"https:\/\/ursus.ee\/en\/wp-json\/wp\/v2\/types\/product"}],"replies":[{"embeddable":true,"href":"https:\/\/ursus.ee\/en\/wp-json\/wp\/v2\/comments?post=19411"}],"wp:featuredmedia":[{"embeddable":true,"href":"https:\/\/ursus.ee\/en\/wp-json\/wp\/v2\/media\/19412"}],"wp:attachment":[{"href":"https:\/\/ursus.ee\/en\/wp-json\/wp\/v2\/media?parent=19411"}],"wp:term":[{"taxonomy":"product_brand","embeddable":true,"href":"https:\/\/ursus.ee\/en\/wp-json\/wp\/v2\/product_brand?post=19411"},{"taxonomy":"product_cat","embeddable":true,"href":"https:\/\/ursus.ee\/en\/wp-json\/wp\/v2\/product_cat?post=19411"},{"taxonomy":"product_tag","embeddable":true,"href":"https:\/\/ursus.ee\/en\/wp-json\/wp\/v2\/product_tag?post=19411"}],"curies":[{"name":"wp","href":"https:\/\/api.w.org\/{rel}","templated":true}]}}