{"id":19409,"date":"2026-05-11T18:06:13","date_gmt":"2026-05-11T15:06:13","guid":{"rendered":"https:\/\/ursus.ee\/toode\/svammlapp-antibak-3tk\/"},"modified":"2026-05-14T10:50:04","modified_gmt":"2026-05-14T07:50:04","slug":"svammlapp-antibak-3tk","status":"publish","type":"product","link":"https:\/\/ursus.ee\/en\/toode\/svammlapp-antibak-3tk\/","title":{"rendered":"Svammlapp Antibak 3tk"},"content":{"rendered":"<p>Antibak on 100% biolagunev svammlapp, mis on v\u00e4ga vastupidav, elastne ja imav. Svammlapp imab oma kaalust 13 korda rohkem vedelikku. Spetsiaalne antibakteriaalne t\u00f6\u00f6tlus takistab bakterite ja halva l\u00f5hna teket. Lapi m\u00f5\u00f5dud: 20,5 x 17 cm<\/p>\n","protected":false},"excerpt":{"rendered":"<p>Antibak on 100% biolagunev svammlapp, mis on v\u00e4ga vastupidav, elastne ja imav. Svammlapp imab oma kaalust 13 korda rohkem vedelikku. Spetsiaalne antibakteriaalne t\u00f6\u00f6tlus takistab bakterite ja halva l\u00f5hna teket. Lapi m\u00f5\u00f5dud: 20,5 x 17 cm<\/p>\n","protected":false},"featured_media":19410,"comment_status":"closed","ping_status":"open","template":"","meta":{"_acf_changed":false},"product_brand":[893],"product_cat":[409,515],"product_tag":[],"class_list":{"0":"post-19409","1":"product","2":"type-product","3":"status-publish","4":"has-post-thumbnail","6":"product_brand-spontex","7":"product_cat-koristustarvikud","8":"product_cat-svammid-lapid-ja-kuurimisvahendid","9":"pa_paritolumaa-hispaania","10":"pa_uhik-tk","12":"first","13":"instock","14":"purchasable","15":"product-type-simple"},"acf":[],"_links":{"self":[{"href":"https:\/\/ursus.ee\/en\/wp-json\/wp\/v2\/product\/19409","targetHints":{"allow":["GET"]}}],"collection":[{"href":"https:\/\/ursus.ee\/en\/wp-json\/wp\/v2\/product"}],"about":[{"href":"https:\/\/ursus.ee\/en\/wp-json\/wp\/v2\/types\/product"}],"replies":[{"embeddable":true,"href":"https:\/\/ursus.ee\/en\/wp-json\/wp\/v2\/comments?post=19409"}],"wp:featuredmedia":[{"embeddable":true,"href":"https:\/\/ursus.ee\/en\/wp-json\/wp\/v2\/media\/19410"}],"wp:attachment":[{"href":"https:\/\/ursus.ee\/en\/wp-json\/wp\/v2\/media?parent=19409"}],"wp:term":[{"taxonomy":"product_brand","embeddable":true,"href":"https:\/\/ursus.ee\/en\/wp-json\/wp\/v2\/product_brand?post=19409"},{"taxonomy":"product_cat","embeddable":true,"href":"https:\/\/ursus.ee\/en\/wp-json\/wp\/v2\/product_cat?post=19409"},{"taxonomy":"product_tag","embeddable":true,"href":"https:\/\/ursus.ee\/en\/wp-json\/wp\/v2\/product_tag?post=19409"}],"curies":[{"name":"wp","href":"https:\/\/api.w.org\/{rel}","templated":true}]}}