{"id":19401,"date":"2026-05-11T18:06:13","date_gmt":"2026-05-11T15:06:13","guid":{"rendered":"https:\/\/ursus.ee\/toode\/mikrofiiberlapp-multi\/"},"modified":"2026-05-14T10:50:00","modified_gmt":"2026-05-14T07:50:00","slug":"mikrofiiberlapp-multi","status":"publish","type":"product","link":"https:\/\/ursus.ee\/en\/toode\/mikrofiiberlapp-multi\/","title":{"rendered":"Mikrofiiberlapp Multi"},"content":{"rendered":"<p>Hea imavusega universaalse otstarbega mikrofiiberlapp. Mikrofiiberlapid on sobilikud kiireks ja efektiivseks koristuseks nii kuiv- kui ka m\u00e4rgpesul. Mikrofiiberlapi spetsiaalsed kiud v\u00f5tavad tolmu ja mustuse osakesed enda k\u00fclge, mist\u00f5ttu on need sobilikud kasutamiseks ka ilma puhastusvahenditeta. Tervise- ja keskkonnas\u00f5bralik toode. Lapi m\u00f5\u00f5t 32 x 32 cm.<\/p>\n","protected":false},"excerpt":{"rendered":"<p>Hea imavusega universaalse otstarbega mikrofiiberlapp. Mikrofiiberlapid on sobilikud kiireks ja efektiivseks koristuseks nii kuiv- kui ka m\u00e4rgpesul. Mikrofiiberlapi spetsiaalsed kiud v\u00f5tavad tolmu ja mustuse osakesed enda k\u00fclge, mist\u00f5ttu on need sobilikud kasutamiseks ka ilma puhastusvahenditeta. Tervise- ja keskkonnas\u00f5bralik toode. Lapi m\u00f5\u00f5t 32 x 32 cm.<\/p>\n","protected":false},"featured_media":19402,"comment_status":"closed","ping_status":"open","template":"","meta":{"_acf_changed":false},"product_brand":[893],"product_cat":[409,515],"product_tag":[],"class_list":{"0":"post-19401","1":"product","2":"type-product","3":"status-publish","4":"has-post-thumbnail","6":"product_brand-spontex","7":"product_cat-koristustarvikud","8":"product_cat-svammid-lapid-ja-kuurimisvahendid","9":"pa_paritolumaa-hiina","10":"pa_uhik-tk","12":"first","13":"instock","14":"purchasable","15":"product-type-simple"},"acf":[],"_links":{"self":[{"href":"https:\/\/ursus.ee\/en\/wp-json\/wp\/v2\/product\/19401","targetHints":{"allow":["GET"]}}],"collection":[{"href":"https:\/\/ursus.ee\/en\/wp-json\/wp\/v2\/product"}],"about":[{"href":"https:\/\/ursus.ee\/en\/wp-json\/wp\/v2\/types\/product"}],"replies":[{"embeddable":true,"href":"https:\/\/ursus.ee\/en\/wp-json\/wp\/v2\/comments?post=19401"}],"wp:featuredmedia":[{"embeddable":true,"href":"https:\/\/ursus.ee\/en\/wp-json\/wp\/v2\/media\/19402"}],"wp:attachment":[{"href":"https:\/\/ursus.ee\/en\/wp-json\/wp\/v2\/media?parent=19401"}],"wp:term":[{"taxonomy":"product_brand","embeddable":true,"href":"https:\/\/ursus.ee\/en\/wp-json\/wp\/v2\/product_brand?post=19401"},{"taxonomy":"product_cat","embeddable":true,"href":"https:\/\/ursus.ee\/en\/wp-json\/wp\/v2\/product_cat?post=19401"},{"taxonomy":"product_tag","embeddable":true,"href":"https:\/\/ursus.ee\/en\/wp-json\/wp\/v2\/product_tag?post=19401"}],"curies":[{"name":"wp","href":"https:\/\/api.w.org\/{rel}","templated":true}]}}