{"id":19392,"date":"2026-05-11T18:06:13","date_gmt":"2026-05-11T15:06:13","guid":{"rendered":"https:\/\/ursus.ee\/toode\/mikrofiiber-porandalapp-soft\/"},"modified":"2026-05-14T10:50:00","modified_gmt":"2026-05-14T07:50:00","slug":"mikrofiiber-porandalapp-soft","status":"publish","type":"product","link":"https:\/\/ursus.ee\/en\/toode\/mikrofiiber-porandalapp-soft\/","title":{"rendered":"Mikrofiiber p\u00f5randalapp Soft"},"content":{"rendered":"<p>\u00dclihea imavusega mikrofiibrist p\u00f5randalapp 50x60cm. Sobilik puhastamiseks ka ilma puhastusvahendit kasutamata, keskkonna- ja tervises\u00f5bralik. Sobilik kasutamiseks nii kuivpuhastuseks kui ka m\u00e4rgpuhastuseks.<\/p>\n","protected":false},"excerpt":{"rendered":"<p>\u00dclihea imavusega mikrofiibrist p\u00f5randalapp 50x60cm. Sobilik puhastamiseks ka ilma puhastusvahendit kasutamata, keskkonna- ja tervises\u00f5bralik. Sobilik kasutamiseks nii kuivpuhastuseks kui ka m\u00e4rgpuhastuseks.<\/p>\n","protected":false},"featured_media":19393,"comment_status":"closed","ping_status":"open","template":"","meta":{"_acf_changed":false},"product_brand":[893],"product_cat":[409,515],"product_tag":[],"class_list":{"0":"post-19392","1":"product","2":"type-product","3":"status-publish","4":"has-post-thumbnail","6":"product_brand-spontex","7":"product_cat-koristustarvikud","8":"product_cat-svammid-lapid-ja-kuurimisvahendid","9":"pa_koostis-7-polyester-3-polyamide","10":"pa_paritolumaa-hiina","11":"pa_uhik-tk","13":"first","14":"instock","15":"purchasable","16":"product-type-simple"},"acf":[],"_links":{"self":[{"href":"https:\/\/ursus.ee\/en\/wp-json\/wp\/v2\/product\/19392","targetHints":{"allow":["GET"]}}],"collection":[{"href":"https:\/\/ursus.ee\/en\/wp-json\/wp\/v2\/product"}],"about":[{"href":"https:\/\/ursus.ee\/en\/wp-json\/wp\/v2\/types\/product"}],"replies":[{"embeddable":true,"href":"https:\/\/ursus.ee\/en\/wp-json\/wp\/v2\/comments?post=19392"}],"wp:featuredmedia":[{"embeddable":true,"href":"https:\/\/ursus.ee\/en\/wp-json\/wp\/v2\/media\/19393"}],"wp:attachment":[{"href":"https:\/\/ursus.ee\/en\/wp-json\/wp\/v2\/media?parent=19392"}],"wp:term":[{"taxonomy":"product_brand","embeddable":true,"href":"https:\/\/ursus.ee\/en\/wp-json\/wp\/v2\/product_brand?post=19392"},{"taxonomy":"product_cat","embeddable":true,"href":"https:\/\/ursus.ee\/en\/wp-json\/wp\/v2\/product_cat?post=19392"},{"taxonomy":"product_tag","embeddable":true,"href":"https:\/\/ursus.ee\/en\/wp-json\/wp\/v2\/product_tag?post=19392"}],"curies":[{"name":"wp","href":"https:\/\/api.w.org\/{rel}","templated":true}]}}