{"id":19387,"date":"2026-05-11T18:06:13","date_gmt":"2026-05-11T15:06:13","guid":{"rendered":"https:\/\/ursus.ee\/toode\/mikrokiudlapp-poluretaankattega-magic-effect-2tk\/"},"modified":"2026-05-14T10:50:02","modified_gmt":"2026-05-14T07:50:02","slug":"mikrokiudlapp-poluretaankattega-magic-effect-2tk","status":"publish","type":"product","link":"https:\/\/ursus.ee\/en\/toode\/mikrokiudlapp-poluretaankattega-magic-effect-2tk\/","title":{"rendered":"Mikrokiudlapp pol\u00fcretaankattega Magic Effect 2tk"},"content":{"rendered":"<p>Uue p\u00f5lvkonna mikrokiud Magic Effect lapid on kulumiskindlamad, puhastavad pindu ja kuivatavad neid veelgi kiiremini. T\u00e4nu mikrofiiberomadustele on lapid efektiivsed isegi ainult vett kasutades. S\u00fcgavpuhastusel t\u00e4iuslike tulemuste saavutamiseks kasutage niisket lappi, suurep\u00e4rase imemisefekti saavutab lappi kuivalt kasutades. Praktilise nurgaauguga, mis v\u00f5imaldab peale kasutamist riie riputada. Koostis: 85% pol\u00fcester, 15% pol\u00fcamiid.\u00a0 Spetsiaalse kattega mikrokiud: pol\u00fcuretaan (PU), plastpol\u00fcmeer. 2 v\u00e4rvi: kollane, t\u00fcrkiis. 1 lapi suurus: 20,5 x 22 cm.<\/p>\n","protected":false},"excerpt":{"rendered":"<p>Uue p\u00f5lvkonna mikrokiud Magic Effect lapid on kulumiskindlamad, puhastavad pindu ja kuivatavad neid veelgi kiiremini. T\u00e4nu mikrofiiberomadustele on lapid efektiivsed isegi ainult vett kasutades. S\u00fcgavpuhastusel t\u00e4iuslike tulemuste saavutamiseks kasutage niisket lappi, suurep\u00e4rase imemisefekti saavutab lappi kuivalt kasutades. Praktilise nurgaauguga, mis v\u00f5imaldab peale kasutamist riie riputada. Koostis: 85% pol\u00fcester, 15% pol\u00fcamiid.\u00a0 Spetsiaalse kattega mikrokiud: pol\u00fcuretaan (PU),<\/p>\n","protected":false},"featured_media":19388,"comment_status":"closed","ping_status":"open","template":"","meta":{"_acf_changed":false},"product_brand":[893],"product_cat":[409,515],"product_tag":[],"class_list":{"0":"post-19387","1":"product","2":"type-product","3":"status-publish","4":"has-post-thumbnail","6":"product_brand-spontex","7":"product_cat-koristustarvikud","8":"product_cat-svammid-lapid-ja-kuurimisvahendid","9":"pa_koostis-85-poluester-15-poluamiid","10":"pa_paritolumaa-hiina","11":"pa_uhik-tk","13":"first","14":"instock","15":"purchasable","16":"product-type-simple"},"acf":[],"_links":{"self":[{"href":"https:\/\/ursus.ee\/en\/wp-json\/wp\/v2\/product\/19387","targetHints":{"allow":["GET"]}}],"collection":[{"href":"https:\/\/ursus.ee\/en\/wp-json\/wp\/v2\/product"}],"about":[{"href":"https:\/\/ursus.ee\/en\/wp-json\/wp\/v2\/types\/product"}],"replies":[{"embeddable":true,"href":"https:\/\/ursus.ee\/en\/wp-json\/wp\/v2\/comments?post=19387"}],"wp:featuredmedia":[{"embeddable":true,"href":"https:\/\/ursus.ee\/en\/wp-json\/wp\/v2\/media\/19388"}],"wp:attachment":[{"href":"https:\/\/ursus.ee\/en\/wp-json\/wp\/v2\/media?parent=19387"}],"wp:term":[{"taxonomy":"product_brand","embeddable":true,"href":"https:\/\/ursus.ee\/en\/wp-json\/wp\/v2\/product_brand?post=19387"},{"taxonomy":"product_cat","embeddable":true,"href":"https:\/\/ursus.ee\/en\/wp-json\/wp\/v2\/product_cat?post=19387"},{"taxonomy":"product_tag","embeddable":true,"href":"https:\/\/ursus.ee\/en\/wp-json\/wp\/v2\/product_tag?post=19387"}],"curies":[{"name":"wp","href":"https:\/\/api.w.org\/{rel}","templated":true}]}}