{"id":19385,"date":"2026-05-11T18:06:13","date_gmt":"2026-05-11T15:06:13","guid":{"rendered":"https:\/\/ursus.ee\/toode\/kuurimiskasn-spirinett-roostevaba-2tk\/"},"modified":"2026-05-14T10:49:55","modified_gmt":"2026-05-14T07:49:55","slug":"kuurimiskasn-spirinett-roostevaba-2tk","status":"publish","type":"product","link":"https:\/\/ursus.ee\/en\/toode\/kuurimiskasn-spirinett-roostevaba-2tk\/","title":{"rendered":"K\u00fc\u00fcrimisk\u00e4sn Spirinett roostevaba 2tk"},"content":{"rendered":"<p>Roostevabast terasest valmistatud k\u00fc\u00fcrimisk\u00e4sn n\u00f5udpesuks ja tugeva mustuse eemaldamiseks erinevatelt pindadelt. Mugav ja k\u00e4ep\u00e4rane toode, vastupidav ja efektiivne. Roostevaba. Eemaldab ka k\u00f5ige tugevama mustuse. Sobilik kasutamiseks roostevabal terasel, emailil, kuumakindlal klaasil ja alumiiniumil. Muudel pindadel soovitame teha v\u00e4hem\u00e4rgatavas kohas vastupidavuse test. \u00dche k\u00fc\u00fcrimisk\u00e4sna kaal 18 g.<\/p>\n","protected":false},"excerpt":{"rendered":"<p>Roostevabast terasest valmistatud k\u00fc\u00fcrimisk\u00e4sn n\u00f5udpesuks ja tugeva mustuse eemaldamiseks erinevatelt pindadelt. Mugav ja k\u00e4ep\u00e4rane toode, vastupidav ja efektiivne. Roostevaba. Eemaldab ka k\u00f5ige tugevama mustuse. Sobilik kasutamiseks roostevabal terasel, emailil, kuumakindlal klaasil ja alumiiniumil. Muudel pindadel soovitame teha v\u00e4hem\u00e4rgatavas kohas vastupidavuse test. \u00dche k\u00fc\u00fcrimisk\u00e4sna kaal 18 g.<\/p>\n","protected":false},"featured_media":19386,"comment_status":"closed","ping_status":"open","template":"","meta":{"_acf_changed":false},"product_brand":[893],"product_cat":[409,515],"product_tag":[],"class_list":{"0":"post-19385","1":"product","2":"type-product","3":"status-publish","4":"has-post-thumbnail","6":"product_brand-spontex","7":"product_cat-koristustarvikud","8":"product_cat-svammid-lapid-ja-kuurimisvahendid","9":"pa_paritolumaa-hiina","10":"pa_uhik-tk","12":"first","13":"instock","14":"purchasable","15":"product-type-simple"},"acf":[],"_links":{"self":[{"href":"https:\/\/ursus.ee\/en\/wp-json\/wp\/v2\/product\/19385","targetHints":{"allow":["GET"]}}],"collection":[{"href":"https:\/\/ursus.ee\/en\/wp-json\/wp\/v2\/product"}],"about":[{"href":"https:\/\/ursus.ee\/en\/wp-json\/wp\/v2\/types\/product"}],"replies":[{"embeddable":true,"href":"https:\/\/ursus.ee\/en\/wp-json\/wp\/v2\/comments?post=19385"}],"wp:featuredmedia":[{"embeddable":true,"href":"https:\/\/ursus.ee\/en\/wp-json\/wp\/v2\/media\/19386"}],"wp:attachment":[{"href":"https:\/\/ursus.ee\/en\/wp-json\/wp\/v2\/media?parent=19385"}],"wp:term":[{"taxonomy":"product_brand","embeddable":true,"href":"https:\/\/ursus.ee\/en\/wp-json\/wp\/v2\/product_brand?post=19385"},{"taxonomy":"product_cat","embeddable":true,"href":"https:\/\/ursus.ee\/en\/wp-json\/wp\/v2\/product_cat?post=19385"},{"taxonomy":"product_tag","embeddable":true,"href":"https:\/\/ursus.ee\/en\/wp-json\/wp\/v2\/product_tag?post=19385"}],"curies":[{"name":"wp","href":"https:\/\/api.w.org\/{rel}","templated":true}]}}