{"id":19371,"date":"2026-05-11T18:06:13","date_gmt":"2026-05-11T15:06:13","guid":{"rendered":"https:\/\/ursus.ee\/toode\/kuurimisvamm-bigmax\/"},"modified":"2026-05-14T10:49:58","modified_gmt":"2026-05-14T07:49:58","slug":"kuurimisvamm-bigmax","status":"publish","type":"product","link":"https:\/\/ursus.ee\/en\/toode\/kuurimisvamm-bigmax\/","title":{"rendered":"K\u00fc\u00fcrimisvamm BigMax"},"content":{"rendered":"<p>Ekstrasuur ja v\u00e4ga vastupidav k\u00fc\u00fcrimissvamm tugeva mustuse eemaldamiseks n\u00f5udelt, k\u00fcpsetusvormidelt, pottidelt ja pannidelt. Praktiline soone kujuline k\u00fc\u00fcnekaitse kaitseb sinu s\u00f5rmek\u00fc\u00fcsi n\u00f5udepesul.<\/p>\n","protected":false},"excerpt":{"rendered":"<p>Ekstrasuur ja v\u00e4ga vastupidav k\u00fc\u00fcrimissvamm tugeva mustuse eemaldamiseks n\u00f5udelt, k\u00fcpsetusvormidelt, pottidelt ja pannidelt. Praktiline soone kujuline k\u00fc\u00fcnekaitse kaitseb sinu s\u00f5rmek\u00fc\u00fcsi n\u00f5udepesul.<\/p>\n","protected":false},"featured_media":19372,"comment_status":"closed","ping_status":"open","template":"","meta":{"_acf_changed":false},"product_brand":[893],"product_cat":[409,515],"product_tag":[],"class_list":{"0":"post-19371","1":"product","2":"type-product","3":"status-publish","4":"has-post-thumbnail","6":"product_brand-spontex","7":"product_cat-koristustarvikud","8":"product_cat-svammid-lapid-ja-kuurimisvahendid","9":"pa_koostis-svamm","10":"pa_paritolumaa-leedu","11":"pa_uhik-tk","13":"first","14":"instock","15":"purchasable","16":"product-type-simple"},"acf":[],"_links":{"self":[{"href":"https:\/\/ursus.ee\/en\/wp-json\/wp\/v2\/product\/19371","targetHints":{"allow":["GET"]}}],"collection":[{"href":"https:\/\/ursus.ee\/en\/wp-json\/wp\/v2\/product"}],"about":[{"href":"https:\/\/ursus.ee\/en\/wp-json\/wp\/v2\/types\/product"}],"replies":[{"embeddable":true,"href":"https:\/\/ursus.ee\/en\/wp-json\/wp\/v2\/comments?post=19371"}],"wp:featuredmedia":[{"embeddable":true,"href":"https:\/\/ursus.ee\/en\/wp-json\/wp\/v2\/media\/19372"}],"wp:attachment":[{"href":"https:\/\/ursus.ee\/en\/wp-json\/wp\/v2\/media?parent=19371"}],"wp:term":[{"taxonomy":"product_brand","embeddable":true,"href":"https:\/\/ursus.ee\/en\/wp-json\/wp\/v2\/product_brand?post=19371"},{"taxonomy":"product_cat","embeddable":true,"href":"https:\/\/ursus.ee\/en\/wp-json\/wp\/v2\/product_cat?post=19371"},{"taxonomy":"product_tag","embeddable":true,"href":"https:\/\/ursus.ee\/en\/wp-json\/wp\/v2\/product_tag?post=19371"}],"curies":[{"name":"wp","href":"https:\/\/api.w.org\/{rel}","templated":true}]}}