{"id":19361,"date":"2026-05-11T18:02:33","date_gmt":"2026-05-11T15:02:33","guid":{"rendered":"https:\/\/ursus.ee\/toode\/kuurimissvamm-10tk\/"},"modified":"2026-05-14T10:49:56","modified_gmt":"2026-05-14T07:49:56","slug":"kuurimissvamm-10tk","status":"publish","type":"product","link":"https:\/\/ursus.ee\/en\/toode\/kuurimissvamm-10tk\/","title":{"rendered":"K\u00fc\u00fcrimissvamm 10tk"},"content":{"rendered":"<p>V\u00e4ikesed k\u00f6\u00f6gisvammid igap\u00e4evaseks kasutamiseks. K\u00f5rvaldab ka tugevama mustuse<\/p>\n","protected":false},"excerpt":{"rendered":"<p>V\u00e4ikesed k\u00f6\u00f6gisvammid igap\u00e4evaseks kasutamiseks. K\u00f5rvaldab ka tugevama mustuse<\/p>\n","protected":false},"featured_media":19362,"comment_status":"closed","ping_status":"open","template":"","meta":{"_acf_changed":false},"product_brand":[893],"product_cat":[409,515],"product_tag":[],"class_list":{"0":"post-19361","1":"product","2":"type-product","3":"status-publish","4":"has-post-thumbnail","6":"product_brand-spontex","7":"product_cat-koristustarvikud","8":"product_cat-svammid-lapid-ja-kuurimisvahendid","9":"pa_koostis-svamm","10":"pa_paritolumaa-leedu","11":"pa_uhik-tk","13":"first","14":"instock","15":"purchasable","16":"product-type-simple"},"acf":[],"_links":{"self":[{"href":"https:\/\/ursus.ee\/en\/wp-json\/wp\/v2\/product\/19361","targetHints":{"allow":["GET"]}}],"collection":[{"href":"https:\/\/ursus.ee\/en\/wp-json\/wp\/v2\/product"}],"about":[{"href":"https:\/\/ursus.ee\/en\/wp-json\/wp\/v2\/types\/product"}],"replies":[{"embeddable":true,"href":"https:\/\/ursus.ee\/en\/wp-json\/wp\/v2\/comments?post=19361"}],"wp:featuredmedia":[{"embeddable":true,"href":"https:\/\/ursus.ee\/en\/wp-json\/wp\/v2\/media\/19362"}],"wp:attachment":[{"href":"https:\/\/ursus.ee\/en\/wp-json\/wp\/v2\/media?parent=19361"}],"wp:term":[{"taxonomy":"product_brand","embeddable":true,"href":"https:\/\/ursus.ee\/en\/wp-json\/wp\/v2\/product_brand?post=19361"},{"taxonomy":"product_cat","embeddable":true,"href":"https:\/\/ursus.ee\/en\/wp-json\/wp\/v2\/product_cat?post=19361"},{"taxonomy":"product_tag","embeddable":true,"href":"https:\/\/ursus.ee\/en\/wp-json\/wp\/v2\/product_tag?post=19361"}],"curies":[{"name":"wp","href":"https:\/\/api.w.org\/{rel}","templated":true}]}}