{"id":19358,"date":"2026-05-11T18:02:33","date_gmt":"2026-05-11T15:02:33","guid":{"rendered":"https:\/\/ursus.ee\/toode\/kuurimissvamm-scrubflex-3tk\/"},"modified":"2026-05-14T10:49:57","modified_gmt":"2026-05-14T07:49:57","slug":"kuurimissvamm-scrubflex-3tk","status":"publish","type":"product","link":"https:\/\/ursus.ee\/en\/toode\/kuurimissvamm-scrubflex-3tk\/","title":{"rendered":"K\u00fc\u00fcrimissvamm Scrub&#038;Flex 3tk"},"content":{"rendered":"<p>Spontex uue Dulcinett Shape tehnoloogiaga k\u00fc\u00fcrimissvammi laineline pealispind on t\u00f6\u00f6deldud biotsiidse ainega (h\u00f5bekloriidiga), mis takistab 99,9% selles esinevate E. Coli bakterite paljunemist. Svammi ja abrasiivi vahel ei ole kasutatud liimi.<\/p>\n","protected":false},"excerpt":{"rendered":"<p>Spontex uue Dulcinett Shape tehnoloogiaga k\u00fc\u00fcrimissvammi laineline pealispind on t\u00f6\u00f6deldud biotsiidse ainega (h\u00f5bekloriidiga), mis takistab 99,9% selles esinevate E. Coli bakterite paljunemist. Svammi ja abrasiivi vahel ei ole kasutatud liimi.<\/p>\n","protected":false},"featured_media":19359,"comment_status":"closed","ping_status":"open","template":"","meta":{"_acf_changed":false},"product_brand":[893],"product_cat":[409,515],"product_tag":[],"class_list":{"0":"post-19358","1":"product","2":"type-product","3":"status-publish","4":"has-post-thumbnail","6":"product_brand-spontex","7":"product_cat-koristustarvikud","8":"product_cat-svammid-lapid-ja-kuurimisvahendid","9":"pa_paritolumaa-hispaania","10":"pa_uhik-tk","12":"first","13":"instock","14":"purchasable","15":"product-type-simple"},"acf":[],"_links":{"self":[{"href":"https:\/\/ursus.ee\/en\/wp-json\/wp\/v2\/product\/19358","targetHints":{"allow":["GET"]}}],"collection":[{"href":"https:\/\/ursus.ee\/en\/wp-json\/wp\/v2\/product"}],"about":[{"href":"https:\/\/ursus.ee\/en\/wp-json\/wp\/v2\/types\/product"}],"replies":[{"embeddable":true,"href":"https:\/\/ursus.ee\/en\/wp-json\/wp\/v2\/comments?post=19358"}],"wp:featuredmedia":[{"embeddable":true,"href":"https:\/\/ursus.ee\/en\/wp-json\/wp\/v2\/media\/19359"}],"wp:attachment":[{"href":"https:\/\/ursus.ee\/en\/wp-json\/wp\/v2\/media?parent=19358"}],"wp:term":[{"taxonomy":"product_brand","embeddable":true,"href":"https:\/\/ursus.ee\/en\/wp-json\/wp\/v2\/product_brand?post=19358"},{"taxonomy":"product_cat","embeddable":true,"href":"https:\/\/ursus.ee\/en\/wp-json\/wp\/v2\/product_cat?post=19358"},{"taxonomy":"product_tag","embeddable":true,"href":"https:\/\/ursus.ee\/en\/wp-json\/wp\/v2\/product_tag?post=19358"}],"curies":[{"name":"wp","href":"https:\/\/api.w.org\/{rel}","templated":true}]}}