{"id":19355,"date":"2026-05-11T18:02:33","date_gmt":"2026-05-11T15:02:33","guid":{"rendered":"https:\/\/ursus.ee\/toode\/kuurimispadi-grillile-grillmax-7tk\/"},"modified":"2026-05-14T10:49:56","modified_gmt":"2026-05-14T07:49:56","slug":"kuurimispadi-grillile-grillmax-7tk","status":"publish","type":"product","link":"https:\/\/ursus.ee\/en\/toode\/kuurimispadi-grillile-grillmax-7tk\/","title":{"rendered":"K\u00fc\u00fcrimispadi grillile Grillmax 7tk"},"content":{"rendered":"<p>Tugevad k\u00fc\u00fcrimissvammid, mis sobivad ideaalselt grillilt raske mustuse eemaldamiseks. Pakendis 7tk<\/p>\n","protected":false},"excerpt":{"rendered":"<p>Tugevad k\u00fc\u00fcrimissvammid, mis sobivad ideaalselt grillilt raske mustuse eemaldamiseks. Pakendis 7tk<\/p>\n","protected":false},"featured_media":19356,"comment_status":"closed","ping_status":"open","template":"","meta":{"_acf_changed":false},"product_brand":[893],"product_cat":[409,515],"product_tag":[],"class_list":{"0":"post-19355","1":"product","2":"type-product","3":"status-publish","4":"has-post-thumbnail","6":"product_brand-spontex","7":"product_cat-koristustarvikud","8":"product_cat-svammid-lapid-ja-kuurimisvahendid","9":"pa_paritolumaa-serbia","10":"pa_uhik-tk","12":"first","13":"instock","14":"purchasable","15":"product-type-simple"},"acf":[],"_links":{"self":[{"href":"https:\/\/ursus.ee\/en\/wp-json\/wp\/v2\/product\/19355","targetHints":{"allow":["GET"]}}],"collection":[{"href":"https:\/\/ursus.ee\/en\/wp-json\/wp\/v2\/product"}],"about":[{"href":"https:\/\/ursus.ee\/en\/wp-json\/wp\/v2\/types\/product"}],"replies":[{"embeddable":true,"href":"https:\/\/ursus.ee\/en\/wp-json\/wp\/v2\/comments?post=19355"}],"wp:featuredmedia":[{"embeddable":true,"href":"https:\/\/ursus.ee\/en\/wp-json\/wp\/v2\/media\/19356"}],"wp:attachment":[{"href":"https:\/\/ursus.ee\/en\/wp-json\/wp\/v2\/media?parent=19355"}],"wp:term":[{"taxonomy":"product_brand","embeddable":true,"href":"https:\/\/ursus.ee\/en\/wp-json\/wp\/v2\/product_brand?post=19355"},{"taxonomy":"product_cat","embeddable":true,"href":"https:\/\/ursus.ee\/en\/wp-json\/wp\/v2\/product_cat?post=19355"},{"taxonomy":"product_tag","embeddable":true,"href":"https:\/\/ursus.ee\/en\/wp-json\/wp\/v2\/product_tag?post=19355"}],"curies":[{"name":"wp","href":"https:\/\/api.w.org\/{rel}","templated":true}]}}