{"id":19347,"date":"2026-05-11T18:02:33","date_gmt":"2026-05-11T15:02:33","guid":{"rendered":"https:\/\/ursus.ee\/toode\/kuurimissvamm-absorb-eco-2tk\/"},"modified":"2026-05-14T10:49:57","modified_gmt":"2026-05-14T07:49:57","slug":"kuurimissvamm-absorb-eco-2tk","status":"publish","type":"product","link":"https:\/\/ursus.ee\/en\/toode\/kuurimissvamm-absorb-eco-2tk\/","title":{"rendered":"K\u00fc\u00fcrimissvamm Absorb+ ECO 2tk"},"content":{"rendered":"<p>\u00dclimalt imav ja t\u00f5hus universaalne viskoosk\u00e4sn, mis sobib ideaalselt k\u00f6\u00f6ki, vannituppa ja majapidamisse. 100% biolagunev. Pakis on kaks ovaalset viskoosk\u00e4sna (roheline ja kollane), suurus 190 x 110 mm.<\/p>\n","protected":false},"excerpt":{"rendered":"<p>\u00dclimalt imav ja t\u00f5hus universaalne viskoosk\u00e4sn, mis sobib ideaalselt k\u00f6\u00f6ki, vannituppa ja majapidamisse. 100% biolagunev. Pakis on kaks ovaalset viskoosk\u00e4sna (roheline ja kollane), suurus 190 x 110 mm.<\/p>\n","protected":false},"featured_media":19348,"comment_status":"closed","ping_status":"open","template":"","meta":{"_acf_changed":false},"product_brand":[893],"product_cat":[409,515],"product_tag":[],"class_list":{"0":"post-19347","1":"product","2":"type-product","3":"status-publish","4":"has-post-thumbnail","6":"product_brand-spontex","7":"product_cat-koristustarvikud","8":"product_cat-svammid-lapid-ja-kuurimisvahendid","9":"pa_koostis-tselloloos","10":"pa_paritolumaa-prantsusmaa","11":"pa_uhik-tk","13":"first","14":"instock","15":"purchasable","16":"product-type-simple"},"acf":[],"_links":{"self":[{"href":"https:\/\/ursus.ee\/en\/wp-json\/wp\/v2\/product\/19347","targetHints":{"allow":["GET"]}}],"collection":[{"href":"https:\/\/ursus.ee\/en\/wp-json\/wp\/v2\/product"}],"about":[{"href":"https:\/\/ursus.ee\/en\/wp-json\/wp\/v2\/types\/product"}],"replies":[{"embeddable":true,"href":"https:\/\/ursus.ee\/en\/wp-json\/wp\/v2\/comments?post=19347"}],"wp:featuredmedia":[{"embeddable":true,"href":"https:\/\/ursus.ee\/en\/wp-json\/wp\/v2\/media\/19348"}],"wp:attachment":[{"href":"https:\/\/ursus.ee\/en\/wp-json\/wp\/v2\/media?parent=19347"}],"wp:term":[{"taxonomy":"product_brand","embeddable":true,"href":"https:\/\/ursus.ee\/en\/wp-json\/wp\/v2\/product_brand?post=19347"},{"taxonomy":"product_cat","embeddable":true,"href":"https:\/\/ursus.ee\/en\/wp-json\/wp\/v2\/product_cat?post=19347"},{"taxonomy":"product_tag","embeddable":true,"href":"https:\/\/ursus.ee\/en\/wp-json\/wp\/v2\/product_tag?post=19347"}],"curies":[{"name":"wp","href":"https:\/\/api.w.org\/{rel}","templated":true}]}}