{"id":19311,"date":"2026-05-11T17:59:04","date_gmt":"2026-05-11T14:59:04","guid":{"rendered":"https:\/\/ursus.ee\/toode\/tordikarp\/"},"modified":"2026-05-14T15:39:27","modified_gmt":"2026-05-14T12:39:27","slug":"tordikarp","status":"publish","type":"product","link":"https:\/\/ursus.ee\/en\/toode\/tordikarp\/","title":{"rendered":"Tordikarp"},"content":{"rendered":"<p>Tordikarbis p\u00fcsivad k\u00fcpsetised kauem v\u00e4rsked ning nende kaasav\u00f5tmine n\u00e4iteks piknikule v\u00f5i peole ei ole probleem. Lisaks kookidele ja k\u00fcpsetistele saab hoida v\u00f5ileibu, suupisteid ja muid tooteid, mida tuleb kaitsta kuivamise ja riknemise eest. Toode on sertifitseeritud kokkupuuteks toiduga.<\/p>\n","protected":false},"excerpt":{"rendered":"<p>Tordikarbis p\u00fcsivad k\u00fcpsetised kauem v\u00e4rsked ning nende kaasav\u00f5tmine n\u00e4iteks piknikule v\u00f5i peole ei ole probleem. Lisaks kookidele ja k\u00fcpsetistele saab hoida v\u00f5ileibu, suupisteid ja muid tooteid, mida tuleb kaitsta kuivamise ja riknemise eest. Toode on sertifitseeritud kokkupuuteks toiduga.<\/p>\n","protected":false},"featured_media":19312,"comment_status":"closed","ping_status":"open","template":"","meta":{"_acf_changed":false},"product_brand":[888],"product_cat":[405,490],"product_tag":[],"class_list":{"0":"post-19311","1":"product","2":"type-product","3":"status-publish","4":"has-post-thumbnail","6":"product_brand-heidrun","7":"product_cat-koogitarbed","8":"product_cat-koogitarvikud","9":"pa_paritolumaa-itaalia","10":"pa_uhik-tk","12":"first","13":"instock","14":"purchasable","15":"product-type-simple"},"acf":[],"_links":{"self":[{"href":"https:\/\/ursus.ee\/en\/wp-json\/wp\/v2\/product\/19311","targetHints":{"allow":["GET"]}}],"collection":[{"href":"https:\/\/ursus.ee\/en\/wp-json\/wp\/v2\/product"}],"about":[{"href":"https:\/\/ursus.ee\/en\/wp-json\/wp\/v2\/types\/product"}],"replies":[{"embeddable":true,"href":"https:\/\/ursus.ee\/en\/wp-json\/wp\/v2\/comments?post=19311"}],"wp:featuredmedia":[{"embeddable":true,"href":"https:\/\/ursus.ee\/en\/wp-json\/wp\/v2\/media\/19312"}],"wp:attachment":[{"href":"https:\/\/ursus.ee\/en\/wp-json\/wp\/v2\/media?parent=19311"}],"wp:term":[{"taxonomy":"product_brand","embeddable":true,"href":"https:\/\/ursus.ee\/en\/wp-json\/wp\/v2\/product_brand?post=19311"},{"taxonomy":"product_cat","embeddable":true,"href":"https:\/\/ursus.ee\/en\/wp-json\/wp\/v2\/product_cat?post=19311"},{"taxonomy":"product_tag","embeddable":true,"href":"https:\/\/ursus.ee\/en\/wp-json\/wp\/v2\/product_tag?post=19311"}],"curies":[{"name":"wp","href":"https:\/\/api.w.org\/{rel}","templated":true}]}}