{"id":19309,"date":"2026-05-11T17:59:04","date_gmt":"2026-05-11T14:59:04","guid":{"rendered":"https:\/\/ursus.ee\/toode\/segamiskauss-kaanega-24cm\/"},"modified":"2026-05-14T15:39:27","modified_gmt":"2026-05-14T12:39:27","slug":"segamiskauss-kaanega-24cm","status":"publish","type":"product","link":"https:\/\/ursus.ee\/en\/toode\/segamiskauss-kaanega-24cm\/","title":{"rendered":"Segamiskauss kaanega 24cm"},"content":{"rendered":"<p>Kaanes on auk, millesse saab asetada mikseri vispli, nii hoiab \u00e4ra toote pritsimise segamisel v\u00f5i mikserdamisel. Silikoonist kaane saab parema stabiilsuse tagamiseks asetada anuma p\u00f5hjale. Sees on sile, libe pind, mis h\u00f5lbustab n\u00f5u hooldamist. Kaussil on kaks tila, mille kaudu on mugav sisu v\u00e4lja valada. Kaussi saab kasutada mikrolaineahjus t = + 95 C, n\u00f5udepesumasinas t = + 95 C, s\u00fcgavk\u00fclmas t = -40 C.<\/p>\n","protected":false},"excerpt":{"rendered":"<p>Kaanes on auk, millesse saab asetada mikseri vispli, nii hoiab \u00e4ra toote pritsimise segamisel v\u00f5i mikserdamisel. Silikoonist kaane saab parema stabiilsuse tagamiseks asetada anuma p\u00f5hjale. Sees on sile, libe pind, mis h\u00f5lbustab n\u00f5u hooldamist. Kaussil on kaks tila, mille kaudu on mugav sisu v\u00e4lja valada. Kaussi saab kasutada mikrolaineahjus t = + 95 C, n\u00f5udepesumasinas<\/p>\n","protected":false},"featured_media":19310,"comment_status":"closed","ping_status":"open","template":"","meta":{"_acf_changed":false},"product_brand":[888],"product_cat":[405,490],"product_tag":[],"class_list":{"0":"post-19309","1":"product","2":"type-product","3":"status-publish","4":"has-post-thumbnail","6":"product_brand-heidrun","7":"product_cat-koogitarbed","8":"product_cat-koogitarvikud","9":"pa_koostis-plastik","10":"pa_paritolumaa-itaalia","11":"pa_uhik-tk","13":"first","14":"instock","15":"purchasable","16":"product-type-simple"},"acf":[],"_links":{"self":[{"href":"https:\/\/ursus.ee\/en\/wp-json\/wp\/v2\/product\/19309","targetHints":{"allow":["GET"]}}],"collection":[{"href":"https:\/\/ursus.ee\/en\/wp-json\/wp\/v2\/product"}],"about":[{"href":"https:\/\/ursus.ee\/en\/wp-json\/wp\/v2\/types\/product"}],"replies":[{"embeddable":true,"href":"https:\/\/ursus.ee\/en\/wp-json\/wp\/v2\/comments?post=19309"}],"wp:featuredmedia":[{"embeddable":true,"href":"https:\/\/ursus.ee\/en\/wp-json\/wp\/v2\/media\/19310"}],"wp:attachment":[{"href":"https:\/\/ursus.ee\/en\/wp-json\/wp\/v2\/media?parent=19309"}],"wp:term":[{"taxonomy":"product_brand","embeddable":true,"href":"https:\/\/ursus.ee\/en\/wp-json\/wp\/v2\/product_brand?post=19309"},{"taxonomy":"product_cat","embeddable":true,"href":"https:\/\/ursus.ee\/en\/wp-json\/wp\/v2\/product_cat?post=19309"},{"taxonomy":"product_tag","embeddable":true,"href":"https:\/\/ursus.ee\/en\/wp-json\/wp\/v2\/product_tag?post=19309"}],"curies":[{"name":"wp","href":"https:\/\/api.w.org\/{rel}","templated":true}]}}