{"id":19298,"date":"2026-05-11T17:59:04","date_gmt":"2026-05-11T14:59:04","guid":{"rendered":"https:\/\/ursus.ee\/toode\/salatikauss-20cm\/"},"modified":"2026-05-14T15:39:27","modified_gmt":"2026-05-14T12:39:27","slug":"salatikauss-20cm","status":"publish","type":"product","link":"https:\/\/ursus.ee\/en\/toode\/salatikauss-20cm\/","title":{"rendered":"Salatikauss 20cm"},"content":{"rendered":"<p>Kauni \u00e4\u00e4rega kauss. N\u00f5udepesumasinas pestav<\/p>\n","protected":false},"excerpt":{"rendered":"<p>Kauni \u00e4\u00e4rega kauss. N\u00f5udepesumasinas pestav<\/p>\n","protected":false},"featured_media":19299,"comment_status":"closed","ping_status":"open","template":"","meta":{"_acf_changed":false},"product_brand":[888],"product_cat":[405,490],"product_tag":[],"class_list":{"0":"post-19298","1":"product","2":"type-product","3":"status-publish","4":"has-post-thumbnail","6":"product_brand-heidrun","7":"product_cat-koogitarbed","8":"product_cat-koogitarvikud","9":"pa_koostis-polupropuleen","10":"pa_paritolumaa-itaalia","11":"pa_uhik-tk","13":"first","14":"instock","15":"purchasable","16":"product-type-simple"},"acf":[],"_links":{"self":[{"href":"https:\/\/ursus.ee\/en\/wp-json\/wp\/v2\/product\/19298","targetHints":{"allow":["GET"]}}],"collection":[{"href":"https:\/\/ursus.ee\/en\/wp-json\/wp\/v2\/product"}],"about":[{"href":"https:\/\/ursus.ee\/en\/wp-json\/wp\/v2\/types\/product"}],"replies":[{"embeddable":true,"href":"https:\/\/ursus.ee\/en\/wp-json\/wp\/v2\/comments?post=19298"}],"wp:featuredmedia":[{"embeddable":true,"href":"https:\/\/ursus.ee\/en\/wp-json\/wp\/v2\/media\/19299"}],"wp:attachment":[{"href":"https:\/\/ursus.ee\/en\/wp-json\/wp\/v2\/media?parent=19298"}],"wp:term":[{"taxonomy":"product_brand","embeddable":true,"href":"https:\/\/ursus.ee\/en\/wp-json\/wp\/v2\/product_brand?post=19298"},{"taxonomy":"product_cat","embeddable":true,"href":"https:\/\/ursus.ee\/en\/wp-json\/wp\/v2\/product_cat?post=19298"},{"taxonomy":"product_tag","embeddable":true,"href":"https:\/\/ursus.ee\/en\/wp-json\/wp\/v2\/product_tag?post=19298"}],"curies":[{"name":"wp","href":"https:\/\/api.w.org\/{rel}","templated":true}]}}