{"id":19290,"date":"2026-05-11T17:59:04","date_gmt":"2026-05-11T14:59:04","guid":{"rendered":"https:\/\/ursus.ee\/toode\/kann-11l-kaanega\/"},"modified":"2026-05-14T15:39:26","modified_gmt":"2026-05-14T12:39:26","slug":"kann-11l-kaanega","status":"publish","type":"product","link":"https:\/\/ursus.ee\/en\/toode\/kann-11l-kaanega\/","title":{"rendered":"Kann 1,1l kaanega"},"content":{"rendered":"<p>Kvaliteetsest plastikust kann, mahutavus 1,1L. Kannul on peal kaas. M\u00f5\u00f5dud: \u00d8125 &#8211; h 190. V\u00e4rvivalik<\/p>\n","protected":false},"excerpt":{"rendered":"<p>Kvaliteetsest plastikust kann, mahutavus 1,1L. Kannul on peal kaas. M\u00f5\u00f5dud: \u00d8125 &#8211; h 190. V\u00e4rvivalik<\/p>\n","protected":false},"featured_media":19291,"comment_status":"closed","ping_status":"open","template":"","meta":{"_acf_changed":false},"product_brand":[888],"product_cat":[405,490],"product_tag":[],"class_list":{"0":"post-19290","1":"product","2":"type-product","3":"status-publish","4":"has-post-thumbnail","6":"product_brand-heidrun","7":"product_cat-koogitarbed","8":"product_cat-koogitarvikud","9":"pa_paritolumaa-itaalia","10":"pa_uhik-tk","12":"first","13":"instock","14":"purchasable","15":"product-type-simple"},"acf":[],"_links":{"self":[{"href":"https:\/\/ursus.ee\/en\/wp-json\/wp\/v2\/product\/19290","targetHints":{"allow":["GET"]}}],"collection":[{"href":"https:\/\/ursus.ee\/en\/wp-json\/wp\/v2\/product"}],"about":[{"href":"https:\/\/ursus.ee\/en\/wp-json\/wp\/v2\/types\/product"}],"replies":[{"embeddable":true,"href":"https:\/\/ursus.ee\/en\/wp-json\/wp\/v2\/comments?post=19290"}],"wp:featuredmedia":[{"embeddable":true,"href":"https:\/\/ursus.ee\/en\/wp-json\/wp\/v2\/media\/19291"}],"wp:attachment":[{"href":"https:\/\/ursus.ee\/en\/wp-json\/wp\/v2\/media?parent=19290"}],"wp:term":[{"taxonomy":"product_brand","embeddable":true,"href":"https:\/\/ursus.ee\/en\/wp-json\/wp\/v2\/product_brand?post=19290"},{"taxonomy":"product_cat","embeddable":true,"href":"https:\/\/ursus.ee\/en\/wp-json\/wp\/v2\/product_cat?post=19290"},{"taxonomy":"product_tag","embeddable":true,"href":"https:\/\/ursus.ee\/en\/wp-json\/wp\/v2\/product_tag?post=19290"}],"curies":[{"name":"wp","href":"https:\/\/api.w.org\/{rel}","templated":true}]}}