{"id":19226,"date":"2026-05-11T17:51:13","date_gmt":"2026-05-11T14:51:13","guid":{"rendered":"https:\/\/ursus.ee\/toode\/sailituskarp-kaanega-05l\/"},"modified":"2026-05-14T15:10:11","modified_gmt":"2026-05-14T12:10:11","slug":"sailituskarp-kaanega-05l","status":"publish","type":"product","link":"https:\/\/ursus.ee\/en\/toode\/sailituskarp-kaanega-05l\/","title":{"rendered":"S\u00e4ilituskarp kaanega 0,5L"},"content":{"rendered":"<p>S\u00e4ilituskarp sobib erinevate toiduainete s\u00e4ilitamiseks nagu suhkur, helbed jne. Tugev kaas hoiab \u00f5hule ligip\u00e4\u00e4su \u00e4ra.<\/p>\n","protected":false},"excerpt":{"rendered":"<p>S\u00e4ilituskarp sobib erinevate toiduainete s\u00e4ilitamiseks nagu suhkur, helbed jne. Tugev kaas hoiab \u00f5hule ligip\u00e4\u00e4su \u00e4ra.<\/p>\n","protected":false},"featured_media":19227,"comment_status":"closed","ping_status":"open","template":"","meta":{"_acf_changed":false},"product_brand":[888],"product_cat":[851],"product_tag":[],"class_list":{"0":"post-19226","1":"product","2":"type-product","3":"status-publish","4":"has-post-thumbnail","6":"product_brand-heidrun","7":"product_cat-sailitusnoud","8":"pa_paritolumaa-itaalia","9":"pa_uhik-tk","11":"first","12":"instock","13":"purchasable","14":"product-type-simple"},"acf":[],"_links":{"self":[{"href":"https:\/\/ursus.ee\/en\/wp-json\/wp\/v2\/product\/19226","targetHints":{"allow":["GET"]}}],"collection":[{"href":"https:\/\/ursus.ee\/en\/wp-json\/wp\/v2\/product"}],"about":[{"href":"https:\/\/ursus.ee\/en\/wp-json\/wp\/v2\/types\/product"}],"replies":[{"embeddable":true,"href":"https:\/\/ursus.ee\/en\/wp-json\/wp\/v2\/comments?post=19226"}],"wp:featuredmedia":[{"embeddable":true,"href":"https:\/\/ursus.ee\/en\/wp-json\/wp\/v2\/media\/19227"}],"wp:attachment":[{"href":"https:\/\/ursus.ee\/en\/wp-json\/wp\/v2\/media?parent=19226"}],"wp:term":[{"taxonomy":"product_brand","embeddable":true,"href":"https:\/\/ursus.ee\/en\/wp-json\/wp\/v2\/product_brand?post=19226"},{"taxonomy":"product_cat","embeddable":true,"href":"https:\/\/ursus.ee\/en\/wp-json\/wp\/v2\/product_cat?post=19226"},{"taxonomy":"product_tag","embeddable":true,"href":"https:\/\/ursus.ee\/en\/wp-json\/wp\/v2\/product_tag?post=19226"}],"curies":[{"name":"wp","href":"https:\/\/api.w.org\/{rel}","templated":true}]}}