{"id":18882,"date":"2026-05-11T17:16:39","date_gmt":"2026-05-11T14:16:39","guid":{"rendered":"https:\/\/ursus.ee\/toode\/kruus-crema-shine-500ml-5\/"},"modified":"2026-05-14T14:54:15","modified_gmt":"2026-05-14T11:54:15","slug":"kruus-crema-shine-500ml-5","status":"publish","type":"product","link":"https:\/\/ursus.ee\/en\/toode\/kruus-crema-shine-500ml-5\/","title":{"rendered":"Kruus Crema Shine 500ml"},"content":{"rendered":"<p>Kahev\u00e4rviline kruus on valmistatud kvaliteetsest keraamikast. Joogikruus on sobilik kasutamiseks mikrolaineahjus, k\u00fclmikus ja n\u00f5udepesumasinas.<\/p>\n","protected":false},"excerpt":{"rendered":"<p>Kahev\u00e4rviline kruus on valmistatud kvaliteetsest keraamikast. Joogikruus on sobilik kasutamiseks mikrolaineahjus, k\u00fclmikus ja n\u00f5udepesumasinas.<\/p>\n","protected":false},"featured_media":18883,"comment_status":"closed","ping_status":"open","template":"","meta":{"_acf_changed":false},"product_brand":[840],"product_cat":[846],"product_tag":[],"class_list":{"0":"post-18882","1":"product","2":"type-product","3":"status-publish","4":"has-post-thumbnail","6":"product_brand-tescoma","7":"product_cat-laua-ja-serveerimisnoud","8":"pa_paritolumaa-hiina","9":"pa_uhik-tk","11":"first","12":"instock","13":"purchasable","14":"product-type-simple"},"acf":[],"_links":{"self":[{"href":"https:\/\/ursus.ee\/en\/wp-json\/wp\/v2\/product\/18882","targetHints":{"allow":["GET"]}}],"collection":[{"href":"https:\/\/ursus.ee\/en\/wp-json\/wp\/v2\/product"}],"about":[{"href":"https:\/\/ursus.ee\/en\/wp-json\/wp\/v2\/types\/product"}],"replies":[{"embeddable":true,"href":"https:\/\/ursus.ee\/en\/wp-json\/wp\/v2\/comments?post=18882"}],"wp:featuredmedia":[{"embeddable":true,"href":"https:\/\/ursus.ee\/en\/wp-json\/wp\/v2\/media\/18883"}],"wp:attachment":[{"href":"https:\/\/ursus.ee\/en\/wp-json\/wp\/v2\/media?parent=18882"}],"wp:term":[{"taxonomy":"product_brand","embeddable":true,"href":"https:\/\/ursus.ee\/en\/wp-json\/wp\/v2\/product_brand?post=18882"},{"taxonomy":"product_cat","embeddable":true,"href":"https:\/\/ursus.ee\/en\/wp-json\/wp\/v2\/product_cat?post=18882"},{"taxonomy":"product_tag","embeddable":true,"href":"https:\/\/ursus.ee\/en\/wp-json\/wp\/v2\/product_tag?post=18882"}],"curies":[{"name":"wp","href":"https:\/\/api.w.org\/{rel}","templated":true}]}}