{"id":18871,"date":"2026-05-11T17:16:39","date_gmt":"2026-05-11T14:16:39","guid":{"rendered":"https:\/\/ursus.ee\/toode\/kruus-gustito\/"},"modified":"2026-05-14T14:54:16","modified_gmt":"2026-05-14T11:54:16","slug":"kruus-gustito","status":"publish","type":"product","link":"https:\/\/ursus.ee\/en\/toode\/kruus-gustito\/","title":{"rendered":"Kruus Gustito"},"content":{"rendered":"<p>Tescoma Gustito sarja tooted on valmisatud k\u00f5rgekvaliteedilisest portsealnist, et roogade ja jookide serveerimine oleks stiilne, kuid seejuures lihtne. Kuumakindel kuni 200 \u00b0C. Kruusi k\u00f5rgus 10cm, \u00f8 8 cm, maht 300 ml. Pestav n\u00f5udepesumasinas, kasutatav mikrolaineahjus.<\/p>\n","protected":false},"excerpt":{"rendered":"<p>Tescoma Gustito sarja tooted on valmisatud k\u00f5rgekvaliteedilisest portsealnist, et roogade ja jookide serveerimine oleks stiilne, kuid seejuures lihtne. Kuumakindel kuni 200 \u00b0C. Kruusi k\u00f5rgus 10cm, \u00f8 8 cm, maht 300 ml. Pestav n\u00f5udepesumasinas, kasutatav mikrolaineahjus.<\/p>\n","protected":false},"featured_media":18872,"comment_status":"closed","ping_status":"open","template":"","meta":{"_acf_changed":false},"product_brand":[840],"product_cat":[846],"product_tag":[],"class_list":{"0":"post-18871","1":"product","2":"type-product","3":"status-publish","4":"has-post-thumbnail","6":"product_brand-tescoma","7":"product_cat-laua-ja-serveerimisnoud","8":"pa_koostis-portselan","9":"pa_paritolumaa-hiina","10":"pa_uhik-tk","12":"first","13":"instock","14":"purchasable","15":"product-type-simple"},"acf":[],"_links":{"self":[{"href":"https:\/\/ursus.ee\/en\/wp-json\/wp\/v2\/product\/18871","targetHints":{"allow":["GET"]}}],"collection":[{"href":"https:\/\/ursus.ee\/en\/wp-json\/wp\/v2\/product"}],"about":[{"href":"https:\/\/ursus.ee\/en\/wp-json\/wp\/v2\/types\/product"}],"replies":[{"embeddable":true,"href":"https:\/\/ursus.ee\/en\/wp-json\/wp\/v2\/comments?post=18871"}],"wp:featuredmedia":[{"embeddable":true,"href":"https:\/\/ursus.ee\/en\/wp-json\/wp\/v2\/media\/18872"}],"wp:attachment":[{"href":"https:\/\/ursus.ee\/en\/wp-json\/wp\/v2\/media?parent=18871"}],"wp:term":[{"taxonomy":"product_brand","embeddable":true,"href":"https:\/\/ursus.ee\/en\/wp-json\/wp\/v2\/product_brand?post=18871"},{"taxonomy":"product_cat","embeddable":true,"href":"https:\/\/ursus.ee\/en\/wp-json\/wp\/v2\/product_cat?post=18871"},{"taxonomy":"product_tag","embeddable":true,"href":"https:\/\/ursus.ee\/en\/wp-json\/wp\/v2\/product_tag?post=18871"}],"curies":[{"name":"wp","href":"https:\/\/api.w.org\/{rel}","templated":true}]}}