{"id":18869,"date":"2026-05-11T17:13:28","date_gmt":"2026-05-11T14:13:28","guid":{"rendered":"https:\/\/ursus.ee\/toode\/kruus-moments-350ml\/"},"modified":"2026-05-14T14:54:16","modified_gmt":"2026-05-14T11:54:16","slug":"kruus-moments-350ml","status":"publish","type":"product","link":"https:\/\/ursus.ee\/en\/toode\/kruus-moments-350ml\/","title":{"rendered":"Kruus Moments 350ml"},"content":{"rendered":"<p>Portselanist kruus \u00fchendab endast esteetika ja praktilisuse. Kruus on valmistatud erakodrselt vastupidavast portselanist, mis tagab selle pikaajalise vastupidavuse. Elegantse disainiga kruus on mikrolaineahjus kasutatav ja n\u00f5udepesumasinas pestav. Sobib nii tee, kohvi, kakao serveerimiseks nii kodus kui kontoris. Kruusi m\u00f5\u00f5dud on: 11,4x9x8,6cm.<\/p>\n","protected":false},"excerpt":{"rendered":"<p>Portselanist kruus \u00fchendab endast esteetika ja praktilisuse. Kruus on valmistatud erakodrselt vastupidavast portselanist, mis tagab selle pikaajalise vastupidavuse. Elegantse disainiga kruus on mikrolaineahjus kasutatav ja n\u00f5udepesumasinas pestav. Sobib nii tee, kohvi, kakao serveerimiseks nii kodus kui kontoris. Kruusi m\u00f5\u00f5dud on: 11,4x9x8,6cm.<\/p>\n","protected":false},"featured_media":18870,"comment_status":"closed","ping_status":"open","template":"","meta":{"_acf_changed":false},"product_brand":[840],"product_cat":[846],"product_tag":[],"class_list":{"0":"post-18869","1":"product","2":"type-product","3":"status-publish","4":"has-post-thumbnail","6":"product_brand-tescoma","7":"product_cat-laua-ja-serveerimisnoud","8":"pa_koostis-portselan","9":"pa_paritolumaa-hiina","10":"pa_uhik-tk","12":"first","13":"instock","14":"purchasable","15":"product-type-simple"},"acf":[],"_links":{"self":[{"href":"https:\/\/ursus.ee\/en\/wp-json\/wp\/v2\/product\/18869","targetHints":{"allow":["GET"]}}],"collection":[{"href":"https:\/\/ursus.ee\/en\/wp-json\/wp\/v2\/product"}],"about":[{"href":"https:\/\/ursus.ee\/en\/wp-json\/wp\/v2\/types\/product"}],"replies":[{"embeddable":true,"href":"https:\/\/ursus.ee\/en\/wp-json\/wp\/v2\/comments?post=18869"}],"wp:featuredmedia":[{"embeddable":true,"href":"https:\/\/ursus.ee\/en\/wp-json\/wp\/v2\/media\/18870"}],"wp:attachment":[{"href":"https:\/\/ursus.ee\/en\/wp-json\/wp\/v2\/media?parent=18869"}],"wp:term":[{"taxonomy":"product_brand","embeddable":true,"href":"https:\/\/ursus.ee\/en\/wp-json\/wp\/v2\/product_brand?post=18869"},{"taxonomy":"product_cat","embeddable":true,"href":"https:\/\/ursus.ee\/en\/wp-json\/wp\/v2\/product_cat?post=18869"},{"taxonomy":"product_tag","embeddable":true,"href":"https:\/\/ursus.ee\/en\/wp-json\/wp\/v2\/product_tag?post=18869"}],"curies":[{"name":"wp","href":"https:\/\/api.w.org\/{rel}","templated":true}]}}