{"id":18863,"date":"2026-05-11T17:13:28","date_gmt":"2026-05-11T14:13:28","guid":{"rendered":"https:\/\/ursus.ee\/toode\/keraamiline-taldrik-siena-21cm\/"},"modified":"2026-05-14T14:54:15","modified_gmt":"2026-05-14T11:54:15","slug":"keraamiline-taldrik-siena-21cm","status":"publish","type":"product","link":"https:\/\/ursus.ee\/en\/toode\/keraamiline-taldrik-siena-21cm\/","title":{"rendered":"Keraamiline taldrik Siena 21cm"},"content":{"rendered":"<p>Siena keraamiliste lauan\u00f5ude puhul on tegemist k\u00e4sit\u00f6\u00f6na valminud toodetega. N\u00f5ude pealispind on glasuuritud stiilse pruuni v\u00e4rviga. Lauan\u00f5ud sobivad igap\u00e4evaseks kasutamiseks. Sobivad kasutada mikrolaineahjus ning on n\u00f5udepesumasinas pestavad.<\/p>\n","protected":false},"excerpt":{"rendered":"<p>Siena keraamiliste lauan\u00f5ude puhul on tegemist k\u00e4sit\u00f6\u00f6na valminud toodetega. N\u00f5ude pealispind on glasuuritud stiilse pruuni v\u00e4rviga. Lauan\u00f5ud sobivad igap\u00e4evaseks kasutamiseks. Sobivad kasutada mikrolaineahjus ning on n\u00f5udepesumasinas pestavad.<\/p>\n","protected":false},"featured_media":18864,"comment_status":"closed","ping_status":"open","template":"","meta":{"_acf_changed":false},"product_brand":[840],"product_cat":[846],"product_tag":[],"class_list":{"0":"post-18863","1":"product","2":"type-product","3":"status-publish","4":"has-post-thumbnail","6":"product_brand-tescoma","7":"product_cat-laua-ja-serveerimisnoud","8":"pa_paritolumaa-hiina","9":"pa_uhik-tk","11":"first","12":"instock","13":"purchasable","14":"product-type-simple"},"acf":[],"_links":{"self":[{"href":"https:\/\/ursus.ee\/en\/wp-json\/wp\/v2\/product\/18863","targetHints":{"allow":["GET"]}}],"collection":[{"href":"https:\/\/ursus.ee\/en\/wp-json\/wp\/v2\/product"}],"about":[{"href":"https:\/\/ursus.ee\/en\/wp-json\/wp\/v2\/types\/product"}],"replies":[{"embeddable":true,"href":"https:\/\/ursus.ee\/en\/wp-json\/wp\/v2\/comments?post=18863"}],"wp:featuredmedia":[{"embeddable":true,"href":"https:\/\/ursus.ee\/en\/wp-json\/wp\/v2\/media\/18864"}],"wp:attachment":[{"href":"https:\/\/ursus.ee\/en\/wp-json\/wp\/v2\/media?parent=18863"}],"wp:term":[{"taxonomy":"product_brand","embeddable":true,"href":"https:\/\/ursus.ee\/en\/wp-json\/wp\/v2\/product_brand?post=18863"},{"taxonomy":"product_cat","embeddable":true,"href":"https:\/\/ursus.ee\/en\/wp-json\/wp\/v2\/product_cat?post=18863"},{"taxonomy":"product_tag","embeddable":true,"href":"https:\/\/ursus.ee\/en\/wp-json\/wp\/v2\/product_tag?post=18863"}],"curies":[{"name":"wp","href":"https:\/\/api.w.org\/{rel}","templated":true}]}}