{"id":18861,"date":"2026-05-11T17:13:28","date_gmt":"2026-05-11T14:13:28","guid":{"rendered":"https:\/\/ursus.ee\/toode\/toidukarp-kahe-eraldatud-osaga-eemaldatavate-karpidega-freshbox-12l\/"},"modified":"2026-05-14T15:10:11","modified_gmt":"2026-05-14T12:10:11","slug":"toidukarp-kahe-eraldatud-osaga-eemaldatavate-karpidega-freshbox-12l","status":"publish","type":"product","link":"https:\/\/ursus.ee\/en\/toode\/toidukarp-kahe-eraldatud-osaga-eemaldatavate-karpidega-freshbox-12l\/","title":{"rendered":"Toidukarp kahe eraldatud osaga, eemaldatavate karpidega Freshbox 1,2l"},"content":{"rendered":"<p>Toidukarp toiduainete hoidmiseks ja kaasaskandmiseks. Karbi sees on kaks eraldi karpi, mis v\u00f5imaldab toiduaineid eraldada. Sisekarbid on eemaldatavad. Ristk\u00fclikukujulise karbi maht on 1,2l. Karbi kaas on varustatud \u00f5hukindla sulguriga, millel on kvaliteetne silikoontihend \u2013 toit p\u00fcsib kauem v\u00e4rske, s\u00e4ilitab oma aroomi. Valmistatud vastupidavast plastikust, vastupidav -18 kuni +110\u00b0C. Sobib k\u00fclmkappi, s\u00fcgavk\u00fclma ja mikrolaineahju. N\u00f5udepesumasinas pestav. 5-aastane garantii.<\/p>\n","protected":false},"excerpt":{"rendered":"<p>Toidukarp toiduainete hoidmiseks ja kaasaskandmiseks. Karbi sees on kaks eraldi karpi, mis v\u00f5imaldab toiduaineid eraldada. Sisekarbid on eemaldatavad. Ristk\u00fclikukujulise karbi maht on 1,2l. Karbi kaas on varustatud \u00f5hukindla sulguriga, millel on kvaliteetne silikoontihend \u2013 toit p\u00fcsib kauem v\u00e4rske, s\u00e4ilitab oma aroomi. Valmistatud vastupidavast plastikust, vastupidav -18 kuni +110\u00b0C. Sobib k\u00fclmkappi, s\u00fcgavk\u00fclma ja mikrolaineahju. N\u00f5udepesumasinas pestav.<\/p>\n","protected":false},"featured_media":18862,"comment_status":"closed","ping_status":"open","template":"","meta":{"_acf_changed":false},"product_brand":[840],"product_cat":[851],"product_tag":[],"class_list":{"0":"post-18861","1":"product","2":"type-product","3":"status-publish","4":"has-post-thumbnail","6":"product_brand-tescoma","7":"product_cat-sailitusnoud","8":"pa_koostis-plastik","9":"pa_paritolumaa-hiina","10":"pa_uhik-tk","12":"first","13":"instock","14":"purchasable","15":"product-type-simple"},"acf":[],"_links":{"self":[{"href":"https:\/\/ursus.ee\/en\/wp-json\/wp\/v2\/product\/18861","targetHints":{"allow":["GET"]}}],"collection":[{"href":"https:\/\/ursus.ee\/en\/wp-json\/wp\/v2\/product"}],"about":[{"href":"https:\/\/ursus.ee\/en\/wp-json\/wp\/v2\/types\/product"}],"replies":[{"embeddable":true,"href":"https:\/\/ursus.ee\/en\/wp-json\/wp\/v2\/comments?post=18861"}],"wp:featuredmedia":[{"embeddable":true,"href":"https:\/\/ursus.ee\/en\/wp-json\/wp\/v2\/media\/18862"}],"wp:attachment":[{"href":"https:\/\/ursus.ee\/en\/wp-json\/wp\/v2\/media?parent=18861"}],"wp:term":[{"taxonomy":"product_brand","embeddable":true,"href":"https:\/\/ursus.ee\/en\/wp-json\/wp\/v2\/product_brand?post=18861"},{"taxonomy":"product_cat","embeddable":true,"href":"https:\/\/ursus.ee\/en\/wp-json\/wp\/v2\/product_cat?post=18861"},{"taxonomy":"product_tag","embeddable":true,"href":"https:\/\/ursus.ee\/en\/wp-json\/wp\/v2\/product_tag?post=18861"}],"curies":[{"name":"wp","href":"https:\/\/api.w.org\/{rel}","templated":true}]}}