{"id":18834,"date":"2026-05-11T17:13:28","date_gmt":"2026-05-11T14:13:28","guid":{"rendered":"https:\/\/ursus.ee\/toode\/sailituspurgid-della-casa-700ml\/"},"modified":"2026-05-14T15:10:09","modified_gmt":"2026-05-14T12:10:09","slug":"sailituspurgid-della-casa-700ml","status":"publish","type":"product","link":"https:\/\/ursus.ee\/en\/toode\/sailituspurgid-della-casa-700ml\/","title":{"rendered":"S\u00e4ilituspurgid Della Casa 700ml"},"content":{"rendered":"<p>Della Casa s\u00e4ilituspurgid on m\u00f5eldud erinevate toiduainete s\u00e4ilitamiseks. Purkide kaantel on vaakum indikaator, mis n\u00e4itab, kas s\u00e4ilitatavat toitu hoitakse vaakumis. K\u00f5rgete servadega kaaned on kergesti ja mugavalt avatavad ning taaskasutavad. S\u00e4ilituspurgid on n\u00f5udepesumasinas pestavad. Kaaned ei ole n\u00f5udepesumasinas pestavad. M\u00f5eldud koduseks kasutamiseks.<\/p>\n<p>KASUTAMINE:<br \/>\nKaante paigaldamine: Purgile kaasi peale keerates, kaante keskkohad painduvad veidi sissepoole ja jahtudes lakkavad vetrumast. See t\u00e4hendab, et purkides tekkis vaakum. Vaakumi kontrollimine: Kontrollige 24h m\u00f6\u00f6dudes peale toidu purki lisamist, et purkides oleks vaakum. S\u00e4ilitamiseks on valmis sissepoole paindunud kaanega purgid, mis ei vetru. Kui kaane keskosa vetrub ja ei ole sissepoole paindunud, t\u00e4hendab see, et purgis ei ole vaakumit. Sel juhul avage purk ja kontrollige, kas serval v\u00f5i kaanel pole mustust. Eemaldage mustus, steriliseerige kaas uuesti. Sulgege purk uuesti, laske jahtuda ja kontrollige 24h p\u00e4rast, kas purgis on vaakum. Purkide avamine: Avage purk, keerates kaant veidi vastup\u00e4eva. Vaakum vabaneb purgi avamisel, sissepoole painutatud kaas taastab oma algse asendi ja kostab kuuldavat kl\u00f5psatust. See annab m\u00e4rku, et toitu hoiti kogu s\u00e4ilitusaja jooksul vaakumis. Kui purgi avamisel kuuldavat kl\u00f5psatust ei ole kuulda, t\u00e4hendab see, et toitu ei hoitud vaakumis ja seet\u00f5ttu ei tohiks seda toitu tarbida. Taaskasuta: Kaaned ja s\u00e4ilituspurgid DELLA CASA saab taaskasutada, kui need pole kahjustatud. Puhastamine ja hooldus: S\u00e4ilituspurgid on n\u00f5udepesumasinas pestavad. Kaaned ei ole n\u00f5udepesumasinas pestavad. DELLA CASA purkide kaaned on turul ainsad, millel on ainulaadne PVC-vaba tihend. Kaaned ei m\u00f5juta konserveeritud toidu kvaliteeti isegi pikaajalisel hoiustamisel. Neid toodetakse keskkonnas\u00f5bralikult ja on korduvalt kasutatavad.<\/p>\n<p>OHUTUS:<br \/>\n\u00c4rge j\u00e4tke s\u00e4ilituspurke sellisesse keskkonda, kus v\u00f5ib olla j\u00e4rsk temperatuurimuutus. Enne v\u00e4ga kuuma toidu, n\u00e4iteks v\u00e4rske marmelaadiga t\u00e4itmist, asetage purgid kuumas vees leotatud ja v\u00e4lja v\u00e4\u00e4natud riidele. \u00c4rge asetage k\u00fclmi s\u00e4ilituspurke v\u00e4ga kuuma v\u00f5i keevasse vette. \u00c4rge asetage kuumi purke k\u00fclmadele v\u00f5i metallalustele. Kasutage kuumade purkide k\u00e4sitsemisel ahjukinnast \u2013 p\u00f5letusoht.<\/p>\n","protected":false},"excerpt":{"rendered":"<p>Della Casa s\u00e4ilituspurgid on m\u00f5eldud erinevate toiduainete s\u00e4ilitamiseks. Purkide kaantel on vaakum indikaator, mis n\u00e4itab, kas s\u00e4ilitatavat toitu hoitakse vaakumis. K\u00f5rgete servadega kaaned on kergesti ja mugavalt avatavad ning taaskasutavad. S\u00e4ilituspurgid on n\u00f5udepesumasinas pestavad. Kaaned ei ole n\u00f5udepesumasinas pestavad. M\u00f5eldud koduseks kasutamiseks. KASUTAMINE: Kaante paigaldamine: Purgile kaasi peale keerates, kaante keskkohad painduvad veidi sissepoole ja<\/p>\n","protected":false},"featured_media":18835,"comment_status":"closed","ping_status":"open","template":"","meta":{"_acf_changed":false},"product_brand":[840],"product_cat":[851],"product_tag":[],"class_list":{"0":"post-18834","1":"product","2":"type-product","3":"status-publish","4":"has-post-thumbnail","6":"product_brand-tescoma","7":"product_cat-sailitusnoud","8":"pa_paritolumaa-saksamaa","9":"pa_uhik-tk","11":"first","12":"instock","13":"purchasable","14":"product-type-simple"},"acf":[],"_links":{"self":[{"href":"https:\/\/ursus.ee\/en\/wp-json\/wp\/v2\/product\/18834","targetHints":{"allow":["GET"]}}],"collection":[{"href":"https:\/\/ursus.ee\/en\/wp-json\/wp\/v2\/product"}],"about":[{"href":"https:\/\/ursus.ee\/en\/wp-json\/wp\/v2\/types\/product"}],"replies":[{"embeddable":true,"href":"https:\/\/ursus.ee\/en\/wp-json\/wp\/v2\/comments?post=18834"}],"wp:featuredmedia":[{"embeddable":true,"href":"https:\/\/ursus.ee\/en\/wp-json\/wp\/v2\/media\/18835"}],"wp:attachment":[{"href":"https:\/\/ursus.ee\/en\/wp-json\/wp\/v2\/media?parent=18834"}],"wp:term":[{"taxonomy":"product_brand","embeddable":true,"href":"https:\/\/ursus.ee\/en\/wp-json\/wp\/v2\/product_brand?post=18834"},{"taxonomy":"product_cat","embeddable":true,"href":"https:\/\/ursus.ee\/en\/wp-json\/wp\/v2\/product_cat?post=18834"},{"taxonomy":"product_tag","embeddable":true,"href":"https:\/\/ursus.ee\/en\/wp-json\/wp\/v2\/product_tag?post=18834"}],"curies":[{"name":"wp","href":"https:\/\/api.w.org\/{rel}","templated":true}]}}