{"id":18816,"date":"2026-05-11T17:13:28","date_gmt":"2026-05-11T14:13:28","guid":{"rendered":"https:\/\/ursus.ee\/toode\/vurtsipurgid-season\/"},"modified":"2026-05-14T15:38:44","modified_gmt":"2026-05-14T12:38:44","slug":"vurtsipurgid-season","status":"publish","type":"product","link":"https:\/\/ursus.ee\/en\/toode\/vurtsipurgid-season\/","title":{"rendered":"V\u00fcrtsipurgid Season"},"content":{"rendered":"<p>Universaalsed maitseainete purgid: 3 korki jahvatatud maitseainete ja 3 tervete v\u00fcrtside jaoks. Valmistatud vastupidavast klaasist ja kvaliteetsest plastikust. M\u00f5\u00f5dud: \u00f8 4,5 cm &#8211; k\u00f5rgus 11 cm<\/p>\n","protected":false},"excerpt":{"rendered":"<p>Universaalsed maitseainete purgid: 3 korki jahvatatud maitseainete ja 3 tervete v\u00fcrtside jaoks. Valmistatud vastupidavast klaasist ja kvaliteetsest plastikust. M\u00f5\u00f5dud: \u00f8 4,5 cm &#8211; k\u00f5rgus 11 cm<\/p>\n","protected":false},"featured_media":18817,"comment_status":"closed","ping_status":"open","template":"","meta":{"_acf_changed":false},"product_brand":[840],"product_cat":[405,490],"product_tag":[],"class_list":{"0":"post-18816","1":"product","2":"type-product","3":"status-publish","4":"has-post-thumbnail","6":"product_brand-tescoma","7":"product_cat-koogitarbed","8":"product_cat-koogitarvikud","9":"pa_paritolumaa-hiina","10":"pa_uhik-tk","12":"first","13":"instock","14":"purchasable","15":"product-type-simple"},"acf":[],"_links":{"self":[{"href":"https:\/\/ursus.ee\/en\/wp-json\/wp\/v2\/product\/18816","targetHints":{"allow":["GET"]}}],"collection":[{"href":"https:\/\/ursus.ee\/en\/wp-json\/wp\/v2\/product"}],"about":[{"href":"https:\/\/ursus.ee\/en\/wp-json\/wp\/v2\/types\/product"}],"replies":[{"embeddable":true,"href":"https:\/\/ursus.ee\/en\/wp-json\/wp\/v2\/comments?post=18816"}],"wp:featuredmedia":[{"embeddable":true,"href":"https:\/\/ursus.ee\/en\/wp-json\/wp\/v2\/media\/18817"}],"wp:attachment":[{"href":"https:\/\/ursus.ee\/en\/wp-json\/wp\/v2\/media?parent=18816"}],"wp:term":[{"taxonomy":"product_brand","embeddable":true,"href":"https:\/\/ursus.ee\/en\/wp-json\/wp\/v2\/product_brand?post=18816"},{"taxonomy":"product_cat","embeddable":true,"href":"https:\/\/ursus.ee\/en\/wp-json\/wp\/v2\/product_cat?post=18816"},{"taxonomy":"product_tag","embeddable":true,"href":"https:\/\/ursus.ee\/en\/wp-json\/wp\/v2\/product_tag?post=18816"}],"curies":[{"name":"wp","href":"https:\/\/api.w.org\/{rel}","templated":true}]}}