{"id":18813,"date":"2026-05-11T17:10:40","date_gmt":"2026-05-11T14:10:40","guid":{"rendered":"https:\/\/ursus.ee\/toode\/soola-ja-pipratoosid-mini-club\/"},"modified":"2026-05-14T15:38:44","modified_gmt":"2026-05-14T12:38:44","slug":"soola-ja-pipratoosid-mini-club","status":"publish","type":"product","link":"https:\/\/ursus.ee\/en\/toode\/soola-ja-pipratoosid-mini-club\/","title":{"rendered":"Soola- ja pipratoosid mini Club"},"content":{"rendered":"<p>Mini soola- ja pipratoosid (2tk), mis sobivad kasutamiseks nii kodus kui ka toitlustusasutuses. Valmistatud k\u00f5rgekvaliteedilisest roostevabast terasest ja klaasist. Metallosade pind on kaetud k\u00f5rgl\u00e4ikega. Tooside k\u00f5rgus 6cm, l\u00e4bim\u00f5\u00f5t 3,5cm.<\/p>\n","protected":false},"excerpt":{"rendered":"<p>Mini soola- ja pipratoosid (2tk), mis sobivad kasutamiseks nii kodus kui ka toitlustusasutuses. Valmistatud k\u00f5rgekvaliteedilisest roostevabast terasest ja klaasist. Metallosade pind on kaetud k\u00f5rgl\u00e4ikega. Tooside k\u00f5rgus 6cm, l\u00e4bim\u00f5\u00f5t 3,5cm.<\/p>\n","protected":false},"featured_media":18814,"comment_status":"closed","ping_status":"open","template":"","meta":{"_acf_changed":false},"product_brand":[840],"product_cat":[405,490],"product_tag":[],"class_list":{"0":"post-18813","1":"product","2":"type-product","3":"status-publish","4":"has-post-thumbnail","6":"product_brand-tescoma","7":"product_cat-koogitarbed","8":"product_cat-koogitarvikud","9":"pa_koostis-roostevaba-teras-klaas","10":"pa_paritolumaa-hiina","11":"pa_uhik-tk","13":"first","14":"instock","15":"purchasable","16":"product-type-simple"},"acf":[],"_links":{"self":[{"href":"https:\/\/ursus.ee\/en\/wp-json\/wp\/v2\/product\/18813","targetHints":{"allow":["GET"]}}],"collection":[{"href":"https:\/\/ursus.ee\/en\/wp-json\/wp\/v2\/product"}],"about":[{"href":"https:\/\/ursus.ee\/en\/wp-json\/wp\/v2\/types\/product"}],"replies":[{"embeddable":true,"href":"https:\/\/ursus.ee\/en\/wp-json\/wp\/v2\/comments?post=18813"}],"wp:featuredmedia":[{"embeddable":true,"href":"https:\/\/ursus.ee\/en\/wp-json\/wp\/v2\/media\/18814"}],"wp:attachment":[{"href":"https:\/\/ursus.ee\/en\/wp-json\/wp\/v2\/media?parent=18813"}],"wp:term":[{"taxonomy":"product_brand","embeddable":true,"href":"https:\/\/ursus.ee\/en\/wp-json\/wp\/v2\/product_brand?post=18813"},{"taxonomy":"product_cat","embeddable":true,"href":"https:\/\/ursus.ee\/en\/wp-json\/wp\/v2\/product_cat?post=18813"},{"taxonomy":"product_tag","embeddable":true,"href":"https:\/\/ursus.ee\/en\/wp-json\/wp\/v2\/product_tag?post=18813"}],"curies":[{"name":"wp","href":"https:\/\/api.w.org\/{rel}","templated":true}]}}