{"id":18808,"date":"2026-05-11T17:10:40","date_gmt":"2026-05-11T14:10:40","guid":{"rendered":"https:\/\/ursus.ee\/toode\/kokanuga-sonic-18cm\/"},"modified":"2026-05-14T15:38:40","modified_gmt":"2026-05-14T12:38:40","slug":"kokanuga-sonic-18cm","status":"publish","type":"product","link":"https:\/\/ursus.ee\/en\/toode\/kokanuga-sonic-18cm\/","title":{"rendered":"Kokanuga Sonic 18cm"},"content":{"rendered":"<p>Tera on valmistatud kvaliteetsest roostevabast terasest, ergonoomiline k\u00e4epide vastupidavast plastikust. P\u00e4rast kasutamist peske ja kuivatage, hoidke lastele k\u00e4ttesaamatus kohas. N\u00f5udepesumasinas pestav. 3-aastane garantii.<\/p>\n","protected":false},"excerpt":{"rendered":"<p>Tera on valmistatud kvaliteetsest roostevabast terasest, ergonoomiline k\u00e4epide vastupidavast plastikust. P\u00e4rast kasutamist peske ja kuivatage, hoidke lastele k\u00e4ttesaamatus kohas. N\u00f5udepesumasinas pestav. 3-aastane garantii.<\/p>\n","protected":false},"featured_media":18809,"comment_status":"closed","ping_status":"open","template":"","meta":{"_acf_changed":false},"product_brand":[840],"product_cat":[405,490],"product_tag":[],"class_list":{"0":"post-18808","1":"product","2":"type-product","3":"status-publish","4":"has-post-thumbnail","6":"product_brand-tescoma","7":"product_cat-koogitarbed","8":"product_cat-koogitarvikud","9":"pa_paritolumaa-hiina","10":"pa_uhik-tk","12":"first","13":"instock","14":"purchasable","15":"product-type-simple"},"acf":[],"_links":{"self":[{"href":"https:\/\/ursus.ee\/en\/wp-json\/wp\/v2\/product\/18808","targetHints":{"allow":["GET"]}}],"collection":[{"href":"https:\/\/ursus.ee\/en\/wp-json\/wp\/v2\/product"}],"about":[{"href":"https:\/\/ursus.ee\/en\/wp-json\/wp\/v2\/types\/product"}],"replies":[{"embeddable":true,"href":"https:\/\/ursus.ee\/en\/wp-json\/wp\/v2\/comments?post=18808"}],"wp:featuredmedia":[{"embeddable":true,"href":"https:\/\/ursus.ee\/en\/wp-json\/wp\/v2\/media\/18809"}],"wp:attachment":[{"href":"https:\/\/ursus.ee\/en\/wp-json\/wp\/v2\/media?parent=18808"}],"wp:term":[{"taxonomy":"product_brand","embeddable":true,"href":"https:\/\/ursus.ee\/en\/wp-json\/wp\/v2\/product_brand?post=18808"},{"taxonomy":"product_cat","embeddable":true,"href":"https:\/\/ursus.ee\/en\/wp-json\/wp\/v2\/product_cat?post=18808"},{"taxonomy":"product_tag","embeddable":true,"href":"https:\/\/ursus.ee\/en\/wp-json\/wp\/v2\/product_tag?post=18808"}],"curies":[{"name":"wp","href":"https:\/\/api.w.org\/{rel}","templated":true}]}}