{"id":18801,"date":"2026-05-11T17:10:40","date_gmt":"2026-05-11T14:10:40","guid":{"rendered":"https:\/\/ursus.ee\/toode\/majapidamiskaarid-16cm-presto\/"},"modified":"2026-05-14T15:38:41","modified_gmt":"2026-05-14T12:38:41","slug":"majapidamiskaarid-16cm-presto","status":"publish","type":"product","link":"https:\/\/ursus.ee\/en\/toode\/majapidamiskaarid-16cm-presto\/","title":{"rendered":"Majapidamisk\u00e4\u00e4rid 16cm Presto"},"content":{"rendered":"<p>Majapidamisk\u00e4\u00e4rid on sobilikud k\u00f5ikide tavap\u00e4raste materjalide l\u00f5ikamiseks &#8211; paber, kangas jne. Valmistatud vastupidavast plastikust ja tugevast roostevabast terasest. Libisemisevastane k\u00e4epide mugavamaks ja turvamiseks kasutamiseks. K\u00e4\u00e4ride \u00fcldpikkus 16cm.<\/p>\n","protected":false},"excerpt":{"rendered":"<p>Majapidamisk\u00e4\u00e4rid on sobilikud k\u00f5ikide tavap\u00e4raste materjalide l\u00f5ikamiseks &#8211; paber, kangas jne. Valmistatud vastupidavast plastikust ja tugevast roostevabast terasest. Libisemisevastane k\u00e4epide mugavamaks ja turvamiseks kasutamiseks. K\u00e4\u00e4ride \u00fcldpikkus 16cm.<\/p>\n","protected":false},"featured_media":18802,"comment_status":"closed","ping_status":"open","template":"","meta":{"_acf_changed":false},"product_brand":[840],"product_cat":[405,490],"product_tag":[],"class_list":{"0":"post-18801","1":"product","2":"type-product","3":"status-publish","4":"has-post-thumbnail","6":"product_brand-tescoma","7":"product_cat-koogitarbed","8":"product_cat-koogitarvikud","9":"pa_paritolumaa-hiina","10":"pa_uhik-tk","12":"first","13":"instock","14":"purchasable","15":"product-type-simple"},"acf":[],"_links":{"self":[{"href":"https:\/\/ursus.ee\/en\/wp-json\/wp\/v2\/product\/18801","targetHints":{"allow":["GET"]}}],"collection":[{"href":"https:\/\/ursus.ee\/en\/wp-json\/wp\/v2\/product"}],"about":[{"href":"https:\/\/ursus.ee\/en\/wp-json\/wp\/v2\/types\/product"}],"replies":[{"embeddable":true,"href":"https:\/\/ursus.ee\/en\/wp-json\/wp\/v2\/comments?post=18801"}],"wp:featuredmedia":[{"embeddable":true,"href":"https:\/\/ursus.ee\/en\/wp-json\/wp\/v2\/media\/18802"}],"wp:attachment":[{"href":"https:\/\/ursus.ee\/en\/wp-json\/wp\/v2\/media?parent=18801"}],"wp:term":[{"taxonomy":"product_brand","embeddable":true,"href":"https:\/\/ursus.ee\/en\/wp-json\/wp\/v2\/product_brand?post=18801"},{"taxonomy":"product_cat","embeddable":true,"href":"https:\/\/ursus.ee\/en\/wp-json\/wp\/v2\/product_cat?post=18801"},{"taxonomy":"product_tag","embeddable":true,"href":"https:\/\/ursus.ee\/en\/wp-json\/wp\/v2\/product_tag?post=18801"}],"curies":[{"name":"wp","href":"https:\/\/api.w.org\/{rel}","templated":true}]}}