{"id":18798,"date":"2026-05-11T17:10:40","date_gmt":"2026-05-11T14:10:40","guid":{"rendered":"https:\/\/ursus.ee\/toode\/juurviljahari-presto\/"},"modified":"2026-05-14T15:38:41","modified_gmt":"2026-05-14T12:38:41","slug":"juurviljahari-presto","status":"publish","type":"product","link":"https:\/\/ursus.ee\/en\/toode\/juurviljahari-presto\/","title":{"rendered":"Juurviljahari Presto"},"content":{"rendered":"<p>Juurviljahari sobib erinevate viljade puhastamiseks &#8211; kartul, juurviljad, puuviljad, seened jne. Harja tagaosas on v\u00e4ike kaabits, millega on v\u00f5imalik eemaldada suurem mustus. plekid v\u00f5i silmad. Valmistatud vastupidavast plastikust. Pesta jooksva vee all, ei sobi pesemiseks n\u00f5udepesumasinas. Harja pikkus 18cm, laius 3cm.<\/p>\n","protected":false},"excerpt":{"rendered":"<p>Juurviljahari sobib erinevate viljade puhastamiseks &#8211; kartul, juurviljad, puuviljad, seened jne. Harja tagaosas on v\u00e4ike kaabits, millega on v\u00f5imalik eemaldada suurem mustus. plekid v\u00f5i silmad. Valmistatud vastupidavast plastikust. Pesta jooksva vee all, ei sobi pesemiseks n\u00f5udepesumasinas. Harja pikkus 18cm, laius 3cm.<\/p>\n","protected":false},"featured_media":18799,"comment_status":"closed","ping_status":"open","template":"","meta":{"_acf_changed":false},"product_brand":[840],"product_cat":[405,490],"product_tag":[],"class_list":{"0":"post-18798","1":"product","2":"type-product","3":"status-publish","4":"has-post-thumbnail","6":"product_brand-tescoma","7":"product_cat-koogitarbed","8":"product_cat-koogitarvikud","9":"pa_paritolumaa-hiina","10":"pa_uhik-tk","12":"first","13":"instock","14":"purchasable","15":"product-type-simple"},"acf":[],"_links":{"self":[{"href":"https:\/\/ursus.ee\/en\/wp-json\/wp\/v2\/product\/18798","targetHints":{"allow":["GET"]}}],"collection":[{"href":"https:\/\/ursus.ee\/en\/wp-json\/wp\/v2\/product"}],"about":[{"href":"https:\/\/ursus.ee\/en\/wp-json\/wp\/v2\/types\/product"}],"replies":[{"embeddable":true,"href":"https:\/\/ursus.ee\/en\/wp-json\/wp\/v2\/comments?post=18798"}],"wp:featuredmedia":[{"embeddable":true,"href":"https:\/\/ursus.ee\/en\/wp-json\/wp\/v2\/media\/18799"}],"wp:attachment":[{"href":"https:\/\/ursus.ee\/en\/wp-json\/wp\/v2\/media?parent=18798"}],"wp:term":[{"taxonomy":"product_brand","embeddable":true,"href":"https:\/\/ursus.ee\/en\/wp-json\/wp\/v2\/product_brand?post=18798"},{"taxonomy":"product_cat","embeddable":true,"href":"https:\/\/ursus.ee\/en\/wp-json\/wp\/v2\/product_cat?post=18798"},{"taxonomy":"product_tag","embeddable":true,"href":"https:\/\/ursus.ee\/en\/wp-json\/wp\/v2\/product_tag?post=18798"}],"curies":[{"name":"wp","href":"https:\/\/api.w.org\/{rel}","templated":true}]}}