{"id":18795,"date":"2026-05-11T17:10:40","date_gmt":"2026-05-11T14:10:40","guid":{"rendered":"https:\/\/ursus.ee\/toode\/riiv-presto\/"},"modified":"2026-05-14T15:38:44","modified_gmt":"2026-05-14T12:38:44","slug":"riiv-presto","status":"publish","type":"product","link":"https:\/\/ursus.ee\/en\/toode\/riiv-presto\/","title":{"rendered":"Riiv Presto"},"content":{"rendered":"<p>Lame riiv sobib erinevate tekstuuriga toiduainete riivimiseks. Valmistatud vastupidavast plastikust ja kvaliteetsest roostevabast terasest. Pestav n\u00f5udepesumasinas. Riivi m\u00f5\u00f5dud 26x6cm.<\/p>\n","protected":false},"excerpt":{"rendered":"<p>Lame riiv sobib erinevate tekstuuriga toiduainete riivimiseks. Valmistatud vastupidavast plastikust ja kvaliteetsest roostevabast terasest. Pestav n\u00f5udepesumasinas. Riivi m\u00f5\u00f5dud 26x6cm.<\/p>\n","protected":false},"featured_media":18796,"comment_status":"closed","ping_status":"open","template":"","meta":{"_acf_changed":false},"product_brand":[840],"product_cat":[405,490],"product_tag":[],"class_list":{"0":"post-18795","1":"product","2":"type-product","3":"status-publish","4":"has-post-thumbnail","6":"product_brand-tescoma","7":"product_cat-koogitarbed","8":"product_cat-koogitarvikud","9":"pa_paritolumaa-hiina","10":"pa_uhik-tk","12":"first","13":"instock","14":"purchasable","15":"product-type-simple"},"acf":[],"_links":{"self":[{"href":"https:\/\/ursus.ee\/en\/wp-json\/wp\/v2\/product\/18795","targetHints":{"allow":["GET"]}}],"collection":[{"href":"https:\/\/ursus.ee\/en\/wp-json\/wp\/v2\/product"}],"about":[{"href":"https:\/\/ursus.ee\/en\/wp-json\/wp\/v2\/types\/product"}],"replies":[{"embeddable":true,"href":"https:\/\/ursus.ee\/en\/wp-json\/wp\/v2\/comments?post=18795"}],"wp:featuredmedia":[{"embeddable":true,"href":"https:\/\/ursus.ee\/en\/wp-json\/wp\/v2\/media\/18796"}],"wp:attachment":[{"href":"https:\/\/ursus.ee\/en\/wp-json\/wp\/v2\/media?parent=18795"}],"wp:term":[{"taxonomy":"product_brand","embeddable":true,"href":"https:\/\/ursus.ee\/en\/wp-json\/wp\/v2\/product_brand?post=18795"},{"taxonomy":"product_cat","embeddable":true,"href":"https:\/\/ursus.ee\/en\/wp-json\/wp\/v2\/product_cat?post=18795"},{"taxonomy":"product_tag","embeddable":true,"href":"https:\/\/ursus.ee\/en\/wp-json\/wp\/v2\/product_tag?post=18795"}],"curies":[{"name":"wp","href":"https:\/\/api.w.org\/{rel}","templated":true}]}}