{"id":18777,"date":"2026-05-11T17:10:40","date_gmt":"2026-05-11T14:10:40","guid":{"rendered":"https:\/\/ursus.ee\/toode\/jaatisekulp-presto\/"},"modified":"2026-05-14T15:38:42","modified_gmt":"2026-05-14T12:38:42","slug":"jaatisekulp-presto","status":"publish","type":"product","link":"https:\/\/ursus.ee\/en\/toode\/jaatisekulp-presto\/","title":{"rendered":"J\u00e4\u00e4tisekulp Presto"},"content":{"rendered":"<p>Spetsiaalne j\u00e4\u00e4tisekulp pallikeste valmistamiseks. Praktilise riputusaasaga mugav k\u00e4epide. Valmistatud kvaliteetsest roostevabast terasest ja vastupidavast plastikust. Pestav n\u00f5udepesumasinas. J\u00e4\u00e4tisekulbi pikkus 19cm.<\/p>\n","protected":false},"excerpt":{"rendered":"<p>Spetsiaalne j\u00e4\u00e4tisekulp pallikeste valmistamiseks. Praktilise riputusaasaga mugav k\u00e4epide. Valmistatud kvaliteetsest roostevabast terasest ja vastupidavast plastikust. Pestav n\u00f5udepesumasinas. J\u00e4\u00e4tisekulbi pikkus 19cm.<\/p>\n","protected":false},"featured_media":18778,"comment_status":"closed","ping_status":"open","template":"","meta":{"_acf_changed":false},"product_brand":[840],"product_cat":[405,490],"product_tag":[],"class_list":{"0":"post-18777","1":"product","2":"type-product","3":"status-publish","4":"has-post-thumbnail","6":"product_brand-tescoma","7":"product_cat-koogitarbed","8":"product_cat-koogitarvikud","9":"pa_paritolumaa-hiina","10":"pa_uhik-tk","12":"first","13":"instock","14":"purchasable","15":"product-type-simple"},"acf":[],"_links":{"self":[{"href":"https:\/\/ursus.ee\/en\/wp-json\/wp\/v2\/product\/18777","targetHints":{"allow":["GET"]}}],"collection":[{"href":"https:\/\/ursus.ee\/en\/wp-json\/wp\/v2\/product"}],"about":[{"href":"https:\/\/ursus.ee\/en\/wp-json\/wp\/v2\/types\/product"}],"replies":[{"embeddable":true,"href":"https:\/\/ursus.ee\/en\/wp-json\/wp\/v2\/comments?post=18777"}],"wp:featuredmedia":[{"embeddable":true,"href":"https:\/\/ursus.ee\/en\/wp-json\/wp\/v2\/media\/18778"}],"wp:attachment":[{"href":"https:\/\/ursus.ee\/en\/wp-json\/wp\/v2\/media?parent=18777"}],"wp:term":[{"taxonomy":"product_brand","embeddable":true,"href":"https:\/\/ursus.ee\/en\/wp-json\/wp\/v2\/product_brand?post=18777"},{"taxonomy":"product_cat","embeddable":true,"href":"https:\/\/ursus.ee\/en\/wp-json\/wp\/v2\/product_cat?post=18777"},{"taxonomy":"product_tag","embeddable":true,"href":"https:\/\/ursus.ee\/en\/wp-json\/wp\/v2\/product_tag?post=18777"}],"curies":[{"name":"wp","href":"https:\/\/api.w.org\/{rel}","templated":true}]}}