{"id":18756,"date":"2026-05-11T17:07:52","date_gmt":"2026-05-11T14:07:52","guid":{"rendered":"https:\/\/ursus.ee\/toode\/austrinuga-presto\/"},"modified":"2026-05-14T15:38:41","modified_gmt":"2026-05-14T12:38:41","slug":"austrinuga-presto","status":"publish","type":"product","link":"https:\/\/ursus.ee\/en\/toode\/austrinuga-presto\/","title":{"rendered":"Austrinuga Presto"},"content":{"rendered":"<p>Suurep\u00e4rane austrite h\u00f5lpsaks avamiseks. Valmistatud k\u00f5rgekvaliteedilisest roostevabast terasest ja vastupidavast plastikust. N\u00f5udepesumasinas pestav. 3-aastane garantii.<\/p>\n","protected":false},"excerpt":{"rendered":"<p>Suurep\u00e4rane austrite h\u00f5lpsaks avamiseks. Valmistatud k\u00f5rgekvaliteedilisest roostevabast terasest ja vastupidavast plastikust. N\u00f5udepesumasinas pestav. 3-aastane garantii.<\/p>\n","protected":false},"featured_media":18757,"comment_status":"closed","ping_status":"open","template":"","meta":{"_acf_changed":false},"product_brand":[840],"product_cat":[405,490],"product_tag":[],"class_list":{"0":"post-18756","1":"product","2":"type-product","3":"status-publish","4":"has-post-thumbnail","6":"product_brand-tescoma","7":"product_cat-koogitarbed","8":"product_cat-koogitarvikud","9":"pa_koostis-roostevaba-teras-plastik","10":"pa_paritolumaa-hiina","11":"pa_uhik-tk","13":"first","14":"instock","15":"purchasable","16":"product-type-simple"},"acf":[],"_links":{"self":[{"href":"https:\/\/ursus.ee\/en\/wp-json\/wp\/v2\/product\/18756","targetHints":{"allow":["GET"]}}],"collection":[{"href":"https:\/\/ursus.ee\/en\/wp-json\/wp\/v2\/product"}],"about":[{"href":"https:\/\/ursus.ee\/en\/wp-json\/wp\/v2\/types\/product"}],"replies":[{"embeddable":true,"href":"https:\/\/ursus.ee\/en\/wp-json\/wp\/v2\/comments?post=18756"}],"wp:featuredmedia":[{"embeddable":true,"href":"https:\/\/ursus.ee\/en\/wp-json\/wp\/v2\/media\/18757"}],"wp:attachment":[{"href":"https:\/\/ursus.ee\/en\/wp-json\/wp\/v2\/media?parent=18756"}],"wp:term":[{"taxonomy":"product_brand","embeddable":true,"href":"https:\/\/ursus.ee\/en\/wp-json\/wp\/v2\/product_brand?post=18756"},{"taxonomy":"product_cat","embeddable":true,"href":"https:\/\/ursus.ee\/en\/wp-json\/wp\/v2\/product_cat?post=18756"},{"taxonomy":"product_tag","embeddable":true,"href":"https:\/\/ursus.ee\/en\/wp-json\/wp\/v2\/product_tag?post=18756"}],"curies":[{"name":"wp","href":"https:\/\/api.w.org\/{rel}","templated":true}]}}