{"id":18753,"date":"2026-05-11T17:07:52","date_gmt":"2026-05-11T14:07:52","guid":{"rendered":"https:\/\/ursus.ee\/toode\/pastamasin-delicia\/"},"modified":"2026-05-14T15:38:44","modified_gmt":"2026-05-14T12:38:44","slug":"pastamasin-delicia","status":"publish","type":"product","link":"https:\/\/ursus.ee\/en\/toode\/pastamasin-delicia\/","title":{"rendered":"Pastamasin Delicia"},"content":{"rendered":"<p>Pastamasin sobib ideaalselt v\u00e4rske pasta koduseks valmistamiseks. Valmistab tagliolini, fettuccine, lasanje ja supinuudli t\u00fc\u00fcpi pastatooteid. Pastamasin kinnitub t\u00f6\u00f6pinnale pitskruviga, mis takistab selle liikumist kasutamiseks. Valmistatud roostevabast terasest, kvaliteetsest metallist ja vastupidavast plastikust. Kasutusjuhend ja retseptid toote pakendis.<\/p>\n","protected":false},"excerpt":{"rendered":"<p>Pastamasin sobib ideaalselt v\u00e4rske pasta koduseks valmistamiseks. Valmistab tagliolini, fettuccine, lasanje ja supinuudli t\u00fc\u00fcpi pastatooteid. Pastamasin kinnitub t\u00f6\u00f6pinnale pitskruviga, mis takistab selle liikumist kasutamiseks. Valmistatud roostevabast terasest, kvaliteetsest metallist ja vastupidavast plastikust. Kasutusjuhend ja retseptid toote pakendis.<\/p>\n","protected":false},"featured_media":18754,"comment_status":"closed","ping_status":"open","template":"","meta":{"_acf_changed":false},"product_brand":[840],"product_cat":[405,490],"product_tag":[],"class_list":{"0":"post-18753","1":"product","2":"type-product","3":"status-publish","4":"has-post-thumbnail","6":"product_brand-tescoma","7":"product_cat-koogitarbed","8":"product_cat-koogitarvikud","9":"pa_paritolumaa-hiina","10":"pa_uhik-tk","12":"first","13":"instock","14":"purchasable","15":"product-type-simple"},"acf":[],"_links":{"self":[{"href":"https:\/\/ursus.ee\/en\/wp-json\/wp\/v2\/product\/18753","targetHints":{"allow":["GET"]}}],"collection":[{"href":"https:\/\/ursus.ee\/en\/wp-json\/wp\/v2\/product"}],"about":[{"href":"https:\/\/ursus.ee\/en\/wp-json\/wp\/v2\/types\/product"}],"replies":[{"embeddable":true,"href":"https:\/\/ursus.ee\/en\/wp-json\/wp\/v2\/comments?post=18753"}],"wp:featuredmedia":[{"embeddable":true,"href":"https:\/\/ursus.ee\/en\/wp-json\/wp\/v2\/media\/18754"}],"wp:attachment":[{"href":"https:\/\/ursus.ee\/en\/wp-json\/wp\/v2\/media?parent=18753"}],"wp:term":[{"taxonomy":"product_brand","embeddable":true,"href":"https:\/\/ursus.ee\/en\/wp-json\/wp\/v2\/product_brand?post=18753"},{"taxonomy":"product_cat","embeddable":true,"href":"https:\/\/ursus.ee\/en\/wp-json\/wp\/v2\/product_cat?post=18753"},{"taxonomy":"product_tag","embeddable":true,"href":"https:\/\/ursus.ee\/en\/wp-json\/wp\/v2\/product_tag?post=18753"}],"curies":[{"name":"wp","href":"https:\/\/api.w.org\/{rel}","templated":true}]}}