{"id":18750,"date":"2026-05-11T17:07:52","date_gmt":"2026-05-11T14:07:52","guid":{"rendered":"https:\/\/ursus.ee\/toode\/koogivilja-loikur-2-teraga\/"},"modified":"2026-05-14T15:38:42","modified_gmt":"2026-05-14T12:38:42","slug":"koogivilja-loikur-2-teraga","status":"publish","type":"product","link":"https:\/\/ursus.ee\/en\/toode\/koogivilja-loikur-2-teraga\/","title":{"rendered":"K\u00f6\u00f6givilja l\u00f5ikur 2 teraga"},"content":{"rendered":"<p>Ideaalne t\u00f6\u00f6riist v\u00e4rskete puu- ja k\u00f6\u00f6giviljade l\u00f5ikamiseks kuubikuteks v\u00f5i pulkadeks. Kaasas on 2 roostevabast terasest tera, mis on erinevate suurustegas. Ohutu l\u00f5ikamise jaoks on l\u00f5ikur libisemiskindla t\u00f6\u00f6tlusega ja kaasas on puhastustarvik. Ideaalne porgandi, kartuli, sibula, seller, kurgi, peedi, \u00f5una, pirni, virsiku ja paljude teiste k\u00f6\u00f6giviljade l\u00f5ikamiseks ja viilutamiseks.<\/p>\n","protected":false},"excerpt":{"rendered":"<p>Ideaalne t\u00f6\u00f6riist v\u00e4rskete puu- ja k\u00f6\u00f6giviljade l\u00f5ikamiseks kuubikuteks v\u00f5i pulkadeks. Kaasas on 2 roostevabast terasest tera, mis on erinevate suurustegas. Ohutu l\u00f5ikamise jaoks on l\u00f5ikur libisemiskindla t\u00f6\u00f6tlusega ja kaasas on puhastustarvik. Ideaalne porgandi, kartuli, sibula, seller, kurgi, peedi, \u00f5una, pirni, virsiku ja paljude teiste k\u00f6\u00f6giviljade l\u00f5ikamiseks ja viilutamiseks.<\/p>\n","protected":false},"featured_media":18751,"comment_status":"closed","ping_status":"open","template":"","meta":{"_acf_changed":false},"product_brand":[840],"product_cat":[405,490],"product_tag":[],"class_list":{"0":"post-18750","1":"product","2":"type-product","3":"status-publish","4":"has-post-thumbnail","6":"product_brand-tescoma","7":"product_cat-koogitarbed","8":"product_cat-koogitarvikud","9":"pa_paritolumaa-hiina","10":"pa_uhik-tk","12":"first","13":"instock","14":"purchasable","15":"product-type-simple"},"acf":[],"_links":{"self":[{"href":"https:\/\/ursus.ee\/en\/wp-json\/wp\/v2\/product\/18750","targetHints":{"allow":["GET"]}}],"collection":[{"href":"https:\/\/ursus.ee\/en\/wp-json\/wp\/v2\/product"}],"about":[{"href":"https:\/\/ursus.ee\/en\/wp-json\/wp\/v2\/types\/product"}],"replies":[{"embeddable":true,"href":"https:\/\/ursus.ee\/en\/wp-json\/wp\/v2\/comments?post=18750"}],"wp:featuredmedia":[{"embeddable":true,"href":"https:\/\/ursus.ee\/en\/wp-json\/wp\/v2\/media\/18751"}],"wp:attachment":[{"href":"https:\/\/ursus.ee\/en\/wp-json\/wp\/v2\/media?parent=18750"}],"wp:term":[{"taxonomy":"product_brand","embeddable":true,"href":"https:\/\/ursus.ee\/en\/wp-json\/wp\/v2\/product_brand?post=18750"},{"taxonomy":"product_cat","embeddable":true,"href":"https:\/\/ursus.ee\/en\/wp-json\/wp\/v2\/product_cat?post=18750"},{"taxonomy":"product_tag","embeddable":true,"href":"https:\/\/ursus.ee\/en\/wp-json\/wp\/v2\/product_tag?post=18750"}],"curies":[{"name":"wp","href":"https:\/\/api.w.org\/{rel}","templated":true}]}}