{"id":18747,"date":"2026-05-11T17:07:52","date_gmt":"2026-05-11T14:07:52","guid":{"rendered":"https:\/\/ursus.ee\/toode\/sibulatukeldaja-handy\/"},"modified":"2026-05-14T15:38:42","modified_gmt":"2026-05-14T12:38:42","slug":"sibulatukeldaja-handy","status":"publish","type":"product","link":"https:\/\/ursus.ee\/en\/toode\/sibulatukeldaja-handy\/","title":{"rendered":"Sibulat\u00fckeldaja Handy"},"content":{"rendered":"<p>Ideaalne vahend sibula kiirest ja turvaliseks t\u00fckeldamiseks ilma suurt vaeva n\u00e4gemata. Sobilik ka juurviljade, puuviljade, p\u00e4hklite ning \u0161okolaadi t\u00fckeldamiseks. Valmistatud vastupidavast plastikmaterjalist, terad vastupidavast roostevabast terasest. Garantii 3 aastat.<\/p>\n","protected":false},"excerpt":{"rendered":"<p>Ideaalne vahend sibula kiirest ja turvaliseks t\u00fckeldamiseks ilma suurt vaeva n\u00e4gemata. Sobilik ka juurviljade, puuviljade, p\u00e4hklite ning \u0161okolaadi t\u00fckeldamiseks. Valmistatud vastupidavast plastikmaterjalist, terad vastupidavast roostevabast terasest. Garantii 3 aastat.<\/p>\n","protected":false},"featured_media":18748,"comment_status":"closed","ping_status":"open","template":"","meta":{"_acf_changed":false},"product_brand":[840],"product_cat":[405,490],"product_tag":[],"class_list":{"0":"post-18747","1":"product","2":"type-product","3":"status-publish","4":"has-post-thumbnail","6":"product_brand-tescoma","7":"product_cat-koogitarbed","8":"product_cat-koogitarvikud","9":"pa_paritolumaa-hiina","10":"pa_uhik-tk","12":"first","13":"instock","14":"purchasable","15":"product-type-simple"},"acf":[],"_links":{"self":[{"href":"https:\/\/ursus.ee\/en\/wp-json\/wp\/v2\/product\/18747","targetHints":{"allow":["GET"]}}],"collection":[{"href":"https:\/\/ursus.ee\/en\/wp-json\/wp\/v2\/product"}],"about":[{"href":"https:\/\/ursus.ee\/en\/wp-json\/wp\/v2\/types\/product"}],"replies":[{"embeddable":true,"href":"https:\/\/ursus.ee\/en\/wp-json\/wp\/v2\/comments?post=18747"}],"wp:featuredmedia":[{"embeddable":true,"href":"https:\/\/ursus.ee\/en\/wp-json\/wp\/v2\/media\/18748"}],"wp:attachment":[{"href":"https:\/\/ursus.ee\/en\/wp-json\/wp\/v2\/media?parent=18747"}],"wp:term":[{"taxonomy":"product_brand","embeddable":true,"href":"https:\/\/ursus.ee\/en\/wp-json\/wp\/v2\/product_brand?post=18747"},{"taxonomy":"product_cat","embeddable":true,"href":"https:\/\/ursus.ee\/en\/wp-json\/wp\/v2\/product_cat?post=18747"},{"taxonomy":"product_tag","embeddable":true,"href":"https:\/\/ursus.ee\/en\/wp-json\/wp\/v2\/product_tag?post=18747"}],"curies":[{"name":"wp","href":"https:\/\/api.w.org\/{rel}","templated":true}]}}